{"id":132,"date":"2018-10-24T23:36:57","date_gmt":"2018-10-24T21:36:57","guid":{"rendered":"http:\/\/www.kobido-laure-massages.fr\/?page_id=132"},"modified":"2019-02-20T00:00:41","modified_gmt":"2019-02-19T23:00:41","slug":"presentation","status":"publish","type":"page","link":"https:\/\/www.kobido-laure-massages.fr\/index.php\/presentation\/","title":{"rendered":"PRESENTATION"},"content":{"rendered":"<div id=\"pl-132\" class=\"panel-layout\">\n<div id=\"pg-132-0\" class=\"panel-grid panel-no-style\" data-style=\"{&quot;background_image_attachment&quot;:false,&quot;background_display&quot;:&quot;tile&quot;,&quot;cell_alignment&quot;:&quot;flex-start&quot;}\" data-ratio=\"1\" data-ratio-direction=\"right\">\n<div id=\"pgc-132-0-0\" class=\"panel-grid-cell\" data-weight=\"1\">\n<div id=\"panel-132-0-0-0\" class=\"so-panel widget widget_smartslider3 panel-first-child panel-last-child\" data-index=\"0\" data-style=\"{&quot;background_image_attachment&quot;:false,&quot;background_display&quot;:&quot;tile&quot;}\"><\/div>\n<\/div>\n<\/div>\n<div id=\"pg-132-1\" class=\"panel-grid panel-no-style\">\n<div id=\"pgc-132-1-0\" class=\"panel-grid-cell\" data-weight=\"1\">\n<div id=\"panel-132-1-0-0\" class=\"so-panel widget widget_sow-editor panel-first-child panel-last-child\" data-index=\"1\" data-style=\"{&quot;background_image_attachment&quot;:false,&quot;background_display&quot;:&quot;tile&quot;}\">\n<div class=\"so-widget-sow-editor so-widget-sow-editor-base\">\n<div class=\"siteorigin-widget-tinymce textwidget\">\n<hr \/>\n<h3>SON EXPERIENCE PERSONNELLE<\/h3>\n<p>&nbsp;<\/p>\n<h3>Formations en massages bien \u2013\u00eatre et \u00e9nerg\u00e9tique:<\/h3>\n<p>&nbsp;<\/p>\n<h4><strong><span style=\"color: #339966;\">Praticienne massages-bien-\u00eatre\u00a0 \u00a0<\/span> <\/strong>\u00a0 \u00a0 \u00a0 \u00a0 \u00a0 \u00a0 \u00a0 \u00a0 \u00a0 \u00a0 \u00a0 \u00a0 \u00a0 \u00a0 \u00a0\u00a0<img loading=\"lazy\" decoding=\"async\" class=\"size-medium wp-image-182 alignright\" src=\"http:\/\/www.kobido-laure-massages.fr\/wp-content\/uploads\/2018\/10\/051187-200x300.jpg\" alt=\"\" width=\"200\" height=\"300\" srcset=\"https:\/\/www.kobido-laure-massages.fr\/wp-content\/uploads\/2018\/10\/051187-200x300.jpg 200w, https:\/\/www.kobido-laure-massages.fr\/wp-content\/uploads\/2018\/10\/051187-768x1153.jpg 768w, https:\/\/www.kobido-laure-massages.fr\/wp-content\/uploads\/2018\/10\/051187-682x1024.jpg 682w, https:\/\/www.kobido-laure-massages.fr\/wp-content\/uploads\/2018\/10\/051187-520x781.jpg 520w, https:\/\/www.kobido-laure-massages.fr\/wp-content\/uploads\/2018\/10\/051187-740x1111.jpg 740w\" sizes=\"auto, (max-width: 200px) 100vw, 200px\" \/><\/h4>\n<p>THE MIKI SCHOOL , Paris<\/p>\n<p>&nbsp;<\/p>\n<h4><strong><span style=\"color: #99cc00;\">Praticienne Energy Balancing Massage<\/span><\/strong><\/h4>\n<p>BIOPULSE, Paris<\/p>\n<p>&nbsp;<\/p>\n<h4><strong><span style=\"color: #008080;\">Certification Lemniscat et polarit\u00e9s<\/span><\/strong><\/h4>\n<p>RENATO PAPPALARDO FORMATION, Avignon<\/p>\n<p>&nbsp;<\/p>\n<h4><span style=\"color: #494f48;\"><strong>Certification de R\u00e9flexologie plantaire<\/strong>\u00a0 \u00a0 <\/span><\/h4>\n<p><em>\u00a0INSTITUT DE FORMATION JOEL SAVATOFSKY, Dijon<\/em><\/p>\n<p>&nbsp;<\/p>\n<h4><strong><span style=\"color: #ff9900;\">Conseill\u00e8re consultante en Ayurveda\u00a0<\/span> \u00a0 \u00a0 \u00a0 \u00a0<\/strong><\/h4>\n<p><strong><em>\u00a0<\/em><\/strong><em>GAYAVEDA STUDIES, Tours<\/em><\/p>\n<p>&nbsp;<\/p>\n<h4><strong><span style=\"color: #820835;\">Certification Marma Therapy<\/span><\/strong><\/h4>\n<p>AYURTODAY, Guruvayur, Inde<\/p>\n<p>&nbsp;<\/p>\n<h4><strong><span style=\"color: #cc0606;\">Praticienne authentique Kobido Facialist<\/span><\/strong><\/h4>\n<p>form\u00e9e par Dr SHOGO MOCHIZUKI, ma\u00eetre Kobido de la 26<sup>\u00e8me<\/sup> g\u00e9n\u00e9ration, Japon<\/p>\n<p>Kobido niveau 1, 2 ,3 ,4 ,5\u00a0 et certification\u00a0 \u00e0 Paris<\/p>\n<p>&nbsp;<\/p>\n<h4><strong><span style=\"color: #824407;\">Formation Massage detox lift du visage aux Gua-sha\u00a0<\/span><\/strong><\/h4>\n<p>Annabelle Caron, PRO TOUCH ACADEMY<\/p>\n<p>&nbsp;<\/p>\n<h3><span style=\"color: #000000;\">Autres formations:<\/span><\/h3>\n<p>&nbsp;<\/p>\n<h4><span style=\"color: #339966;\"><strong>Praticienne anti-addiction<\/strong><\/span><\/h4>\n<p>CENTRE ANTI ADDICTION Sarah Nacass, Paris<\/p>\n<p>&nbsp;<\/p>\n<h4><span style=\"color: #00ff00;\"><strong>Bio\u00e9nergie et EMC<\/strong><\/span><\/h4>\n<p>St\u00e9phane Cardinaux et Catherine Anae Martin, Suisse<\/p>\n<p>&nbsp;<\/p>\n<h4><strong><span style=\"color: #ff00ff;\">Lithot\u00e9rapie bio\u00e9nerg\u00e9tique<\/span><\/strong><\/h4>\n<p>Espace Rayon Magenta, Regina Martino, Paris<\/p>\n<p>&nbsp;<\/p>\n<\/div>\n<\/div>\n<\/div>\n<\/div>\n<\/div>\n<\/div>\n","protected":false},"excerpt":{"rendered":"<p>SON EXPERIENCE PERSONNELLE &nbsp; Formations en massages bien \u2013\u00eatre et \u00e9nerg\u00e9tique: &nbsp; Praticienne massages-bien-\u00eatre\u00a0 \u00a0 \u00a0 \u00a0 \u00a0 \u00a0 \u00a0 \u00a0 \u00a0 \u00a0 \u00a0 \u00a0 \u00a0 \u00a0 \u00a0 \u00a0 \u00a0\u00a0 THE MIKI SCHOOL , Paris<a class=\"read-more\" href=\"https:\/\/www.kobido-laure-massages.fr\/index.php\/presentation\/\">Continue reading<\/a><\/p>\n","protected":false},"author":1,"featured_media":0,"parent":0,"menu_order":0,"comment_status":"closed","ping_status":"closed","template":"page-templates\/page_fullwidth.php","meta":{"footnotes":""},"class_list":["post-132","page","type-page","status-publish","hentry"],"aioseo_notices":[],"_links":{"self":[{"href":"https:\/\/www.kobido-laure-massages.fr\/index.php\/wp-json\/wp\/v2\/pages\/132","targetHints":{"allow":["GET"]}}],"collection":[{"href":"https:\/\/www.kobido-laure-massages.fr\/index.php\/wp-json\/wp\/v2\/pages"}],"about":[{"href":"https:\/\/www.kobido-laure-massages.fr\/index.php\/wp-json\/wp\/v2\/types\/page"}],"author":[{"embeddable":true,"href":"https:\/\/www.kobido-laure-massages.fr\/index.php\/wp-json\/wp\/v2\/users\/1"}],"replies":[{"embeddable":true,"href":"https:\/\/www.kobido-laure-massages.fr\/index.php\/wp-json\/wp\/v2\/comments?post=132"}],"version-history":[{"count":17,"href":"https:\/\/www.kobido-laure-massages.fr\/index.php\/wp-json\/wp\/v2\/pages\/132\/revisions"}],"predecessor-version":[{"id":690,"href":"https:\/\/www.kobido-laure-massages.fr\/index.php\/wp-json\/wp\/v2\/pages\/132\/revisions\/690"}],"wp:attachment":[{"href":"https:\/\/www.kobido-laure-massages.fr\/index.php\/wp-json\/wp\/v2\/media?parent=132"}],"curies":[{"name":"wp","href":"https:\/\/api.w.org\/{rel}","templated":true}]}}