{"id":133,"date":"2018-10-24T23:36:57","date_gmt":"2018-10-24T21:36:57","guid":{"rendered":"http:\/\/www.kobido-laure-massages.fr\/?page_id=133"},"modified":"2020-07-09T14:52:18","modified_gmt":"2020-07-09T12:52:18","slug":"nos-massages","status":"publish","type":"page","link":"https:\/\/www.kobido-laure-massages.fr\/index.php\/nos-massages\/","title":{"rendered":"LES MASSAGES"},"content":{"rendered":"<div id=\"pl-133\"  class=\"panel-layout\" ><div id=\"pg-133-0\"  class=\"panel-grid panel-no-style\" ><div id=\"pgc-133-0-0\"  class=\"panel-grid-cell\" ><div id=\"panel-133-0-0-0\" class=\"so-panel widget widget_sow-editor panel-first-child panel-last-child\" data-index=\"0\" ><div\n\t\t\t\n\t\t\tclass=\"so-widget-sow-editor so-widget-sow-editor-base\"\n\t\t\t\n\t\t><h3 class=\"widget-title\">.<\/h3>\n<div class=\"siteorigin-widget-tinymce textwidget\">\n\t<h3>Massages traditionnels du VISAGE<\/h3>\n<\/div>\n<\/div><\/div><\/div><div id=\"pgc-133-0-1\"  class=\"panel-grid-cell\" ><div id=\"panel-133-0-1-0\" class=\"so-panel widget widget_sow-editor panel-first-child panel-last-child\" data-index=\"1\" ><div\n\t\t\t\n\t\t\tclass=\"so-widget-sow-editor so-widget-sow-editor-base\"\n\t\t\t\n\t\t><h3 class=\"widget-title\">.<\/h3>\n<div class=\"siteorigin-widget-tinymce textwidget\">\n\t<h3>Massages du CORPS<\/h3>\n<\/div>\n<\/div><\/div><\/div><div id=\"pgc-133-0-2\"  class=\"panel-grid-cell\" ><div id=\"panel-133-0-2-0\" class=\"so-panel widget widget_sow-editor panel-first-child panel-last-child\" data-index=\"2\" ><div\n\t\t\t\n\t\t\tclass=\"so-widget-sow-editor so-widget-sow-editor-base\"\n\t\t\t\n\t\t><h3 class=\"widget-title\">.<\/h3>\n<div class=\"siteorigin-widget-tinymce textwidget\">\n\t<h3>Massages des PIEDS<\/h3>\n<\/div>\n<\/div><\/div><\/div><\/div><div id=\"pg-133-1\"  class=\"panel-grid panel-has-style\" ><div class=\"panel-row-style panel-row-style-for-133-1\" ><div id=\"pgc-133-1-0\"  class=\"panel-grid-cell\" ><div class=\"panel-cell-style panel-cell-style-for-133-1-0\" ><div id=\"panel-133-1-0-0\" class=\"so-panel widget widget_media_image panel-first-child panel-last-child\" data-index=\"3\" ><div class=\"panel-widget-style panel-widget-style-for-133-1-0-0\" ><h3 class=\"widget-title\">.<\/h3><figure style=\"width: 300px\" class=\"wp-caption alignnone\"><a href=\"http:\/\/www.kobido-laure-massages.fr\/index.php\/massages-traditionnels-du-visage\"><img loading=\"lazy\" decoding=\"async\" width=\"300\" height=\"200\" src=\"https:\/\/www.kobido-laure-massages.fr\/wp-content\/uploads\/2019\/01\/050733-300x200.jpg\" class=\"image wp-image-301  attachment-medium size-medium\" alt=\"\" style=\"max-width: 100%; height: auto;\" srcset=\"https:\/\/www.kobido-laure-massages.fr\/wp-content\/uploads\/2019\/01\/050733-300x200.jpg 300w, https:\/\/www.kobido-laure-massages.fr\/wp-content\/uploads\/2019\/01\/050733-768x511.jpg 768w, https:\/\/www.kobido-laure-massages.fr\/wp-content\/uploads\/2019\/01\/050733-1024x682.jpg 1024w, https:\/\/www.kobido-laure-massages.fr\/wp-content\/uploads\/2019\/01\/050733-390x260.jpg 390w, https:\/\/www.kobido-laure-massages.fr\/wp-content\/uploads\/2019\/01\/050733-520x346.jpg 520w, https:\/\/www.kobido-laure-massages.fr\/wp-content\/uploads\/2019\/01\/050733-740x493.jpg 740w, https:\/\/www.kobido-laure-massages.fr\/wp-content\/uploads\/2019\/01\/050733-272x182.jpg 272w, https:\/\/www.kobido-laure-massages.fr\/wp-content\/uploads\/2019\/01\/050733-e1550541787852.jpg 1500w\" sizes=\"auto, (max-width: 300px) 100vw, 300px\" \/><\/a><figcaption class=\"wp-caption-text\">.<\/figcaption><\/figure><\/div><\/div><\/div><\/div><div id=\"pgc-133-1-1\"  class=\"panel-grid-cell\" ><div id=\"panel-133-1-1-0\" class=\"so-panel widget widget_media_image panel-first-child panel-last-child\" data-index=\"4\" ><div class=\"panel-widget-style panel-widget-style-for-133-1-1-0\" ><h3 class=\"widget-title\">.<\/h3><figure style=\"width: 300px\" class=\"wp-caption alignnone\"><a href=\"http:\/\/www.kobido-laure-massages.fr\/index.php\/nos-massages\/bien-etre-du-monde-energetique\/\"><img loading=\"lazy\" decoding=\"async\" width=\"300\" height=\"200\" src=\"https:\/\/www.kobido-laure-massages.fr\/wp-content\/uploads\/2019\/01\/052585-300x200.jpg\" class=\"image wp-image-289  attachment-medium size-medium\" alt=\"massages bien-\u00eatre du corps\" style=\"max-width: 100%; height: auto;\" srcset=\"https:\/\/www.kobido-laure-massages.fr\/wp-content\/uploads\/2019\/01\/052585-300x200.jpg 300w, https:\/\/www.kobido-laure-massages.fr\/wp-content\/uploads\/2019\/01\/052585-768x511.jpg 768w, https:\/\/www.kobido-laure-massages.fr\/wp-content\/uploads\/2019\/01\/052585-1024x682.jpg 1024w, https:\/\/www.kobido-laure-massages.fr\/wp-content\/uploads\/2019\/01\/052585-390x260.jpg 390w, https:\/\/www.kobido-laure-massages.fr\/wp-content\/uploads\/2019\/01\/052585-520x346.jpg 520w, https:\/\/www.kobido-laure-massages.fr\/wp-content\/uploads\/2019\/01\/052585-740x493.jpg 740w, https:\/\/www.kobido-laure-massages.fr\/wp-content\/uploads\/2019\/01\/052585-272x182.jpg 272w\" sizes=\"auto, (max-width: 300px) 100vw, 300px\" \/><\/a><figcaption class=\"wp-caption-text\">.<\/figcaption><\/figure><\/div><\/div><\/div><div id=\"pgc-133-1-2\"  class=\"panel-grid-cell\" ><div id=\"panel-133-1-2-0\" class=\"so-panel widget widget_media_image panel-first-child panel-last-child\" data-index=\"5\" ><h3 class=\"widget-title\">.<\/h3><figure style=\"width: 300px\" class=\"wp-caption alignnone\"><a href=\"http:\/\/www.kobido-laure-massages.fr\/index.php\/massages-des-pieds\"><img loading=\"lazy\" decoding=\"async\" width=\"300\" height=\"200\" src=\"https:\/\/www.kobido-laure-massages.fr\/wp-content\/uploads\/2019\/01\/051160-300x200.jpg\" class=\"image wp-image-288  attachment-medium size-medium\" alt=\"\" style=\"max-width: 100%; height: auto;\" srcset=\"https:\/\/www.kobido-laure-massages.fr\/wp-content\/uploads\/2019\/01\/051160-300x200.jpg 300w, https:\/\/www.kobido-laure-massages.fr\/wp-content\/uploads\/2019\/01\/051160-768x511.jpg 768w, https:\/\/www.kobido-laure-massages.fr\/wp-content\/uploads\/2019\/01\/051160-1024x682.jpg 1024w, https:\/\/www.kobido-laure-massages.fr\/wp-content\/uploads\/2019\/01\/051160-390x260.jpg 390w, https:\/\/www.kobido-laure-massages.fr\/wp-content\/uploads\/2019\/01\/051160-520x346.jpg 520w, https:\/\/www.kobido-laure-massages.fr\/wp-content\/uploads\/2019\/01\/051160-740x493.jpg 740w, https:\/\/www.kobido-laure-massages.fr\/wp-content\/uploads\/2019\/01\/051160-272x182.jpg 272w\" sizes=\"auto, (max-width: 300px) 100vw, 300px\" \/><\/a><figcaption class=\"wp-caption-text\">.<\/figcaption><\/figure><\/div><\/div><\/div><\/div><div id=\"pg-133-2\"  class=\"panel-grid panel-no-style\" ><div id=\"pgc-133-2-0\"  class=\"panel-grid-cell\" ><div id=\"panel-133-2-0-0\" class=\"so-panel widget widget_sow-editor panel-first-child panel-last-child\" data-index=\"6\" ><div\n\t\t\t\n\t\t\tclass=\"so-widget-sow-editor so-widget-sow-editor-base\"\n\t\t\t\n\t\t>\n<div class=\"siteorigin-widget-tinymce textwidget\">\n\t<blockquote>\n<p>Tous les massages sont pr\u00e9c\u00e9d\u00e9s d'un entretien d'\u00e9valuation de vos besoins et \u00e9ventuelles contre indications afin d'adapter au mieux votre s\u00e9ance.<\/p>\n<\/blockquote>\n<p>Ces massages de Bien-Etre et de relaxation ne peuvent aucunement pr\u00e9tendre \u00e0 des vertus m\u00e9dicales traditionnelles relevant de la seule comp\u00e9tence des professionnels de la sant\u00e9.<\/p>\n<p>Afin d'\u00e9viter toute sollicitation inopportune je pr\u00e9cise qu'il ne s'agit aucunement\u00a0 de massages \u00e9rotiques mais d'interventions effectu\u00e9es dans le cadre d'un respect moral et physique r\u00e9ciproque avec une neutralit\u00e9 bienveillante.<\/p>\n<\/div>\n<\/div><\/div><\/div><\/div><\/div>","protected":false},"excerpt":{"rendered":"<p>Massages traditionnels du VISAGE Massages du CORPS Massages des PIEDS<\/p>\n","protected":false},"author":1,"featured_media":0,"parent":0,"menu_order":0,"comment_status":"closed","ping_status":"closed","template":"","meta":{"footnotes":""},"class_list":["post-133","page","type-page","status-publish","hentry"],"aioseo_notices":[],"_links":{"self":[{"href":"https:\/\/www.kobido-laure-massages.fr\/index.php\/wp-json\/wp\/v2\/pages\/133","targetHints":{"allow":["GET"]}}],"collection":[{"href":"https:\/\/www.kobido-laure-massages.fr\/index.php\/wp-json\/wp\/v2\/pages"}],"about":[{"href":"https:\/\/www.kobido-laure-massages.fr\/index.php\/wp-json\/wp\/v2\/types\/page"}],"author":[{"embeddable":true,"href":"https:\/\/www.kobido-laure-massages.fr\/index.php\/wp-json\/wp\/v2\/users\/1"}],"replies":[{"embeddable":true,"href":"https:\/\/www.kobido-laure-massages.fr\/index.php\/wp-json\/wp\/v2\/comments?post=133"}],"version-history":[{"count":52,"href":"https:\/\/www.kobido-laure-massages.fr\/index.php\/wp-json\/wp\/v2\/pages\/133\/revisions"}],"predecessor-version":[{"id":278,"href":"https:\/\/www.kobido-laure-massages.fr\/index.php\/wp-json\/wp\/v2\/pages\/133\/revisions\/278"}],"wp:attachment":[{"href":"https:\/\/www.kobido-laure-massages.fr\/index.php\/wp-json\/wp\/v2\/media?parent=133"}],"curies":[{"name":"wp","href":"https:\/\/api.w.org\/{rel}","templated":true}]}}