{"id":134,"date":"2018-10-24T23:36:57","date_gmt":"2018-10-24T21:36:57","guid":{"rendered":"http:\/\/www.kobido-laure-massages.fr\/?page_id=134"},"modified":"2019-01-27T02:02:41","modified_gmt":"2019-01-27T01:02:41","slug":"produits-cosmetiques-kobido","status":"publish","type":"page","link":"https:\/\/www.kobido-laure-massages.fr\/index.php\/produits-cosmetiques-kobido\/","title":{"rendered":"PRODUITS COSM\u00c9TIQUES KOBIDO"},"content":{"rendered":"<div id=\"pl-134\"  class=\"panel-layout\" ><div id=\"pg-134-0\"  class=\"panel-grid panel-no-style\" ><div id=\"pgc-134-0-0\"  class=\"panel-grid-cell\" ><div id=\"panel-134-0-0-0\" class=\"so-panel widget widget_sow-editor panel-first-child panel-last-child\" data-index=\"0\" ><div\n\t\t\t\n\t\t\tclass=\"so-widget-sow-editor so-widget-sow-editor-base\"\n\t\t\t\n\t\t>\n<div class=\"siteorigin-widget-tinymce textwidget\">\n\t<div class=\"container paddingtop-40 mandala paddingbottom-30\">\n<div class=\"col-md-12 text-center\">\n<h3 style=\"text-align: left;\">\u00a0 \u00a0 \u00a0 \u00a0 \u00a0 \u00a0 \u00a0 \u00a0 \u00a0 \u00a0 \u00a0 \u00a0 \u00a0 \u00a0 \u00a0 \u00a0 \u00a0 \u00a0 \u00a0 \u00a0 \u00a0 \u00a0 \u00a0 \u00a0 \u00a0 \u00a0 \u00a0 \u00a0 \u00a0 \u00a0 \u00a0 \u00a0 \u00a0 \u00a0 \u00a0 \u00a0 \u00a0 \u00a0 \u00a0 \u00a0 \u00a0 \u00a0 \u00a0 \u00a0DESTIN\u00c9S AUX SOINS<\/h3>\n<hr \/>\n<\/div>\n<\/div>\n<div id=\"primary\" class=\"content-area container\">\n<div class=\"post-inner-content\">\n<article id=\"post-241\" class=\"post-241 page type-page status-publish hentry\">\n<div class=\"entry-content\">\n<p>Les soins Kobido peuvent \u00eatre intenses et requi\u00e8rent des produits capable de maintenir une glisse optimale sur une longue dur\u00e9e et cela sans devenir trop gras ou trop visqueux. Les produits Kobido ont \u00e9t\u00e9 d\u00e9velopp\u00e9s\u00a0 pour les soins\u00a0 Kobido et peuvent \u00eatre utilis\u00e9s quotidiennement.<\/p>\n<p>Ces produits apportent un degr\u00e9 de glisse optimale et sont faits \u00e0 partir d\u2019ingr\u00e9dients en total innocuit\u00e9 pour la peau. Les produits de soin bio pour la peau Kobido sont des substances \u00e0 la fois v\u00e9g\u00e9tale et min\u00e9rale de qualit\u00e9 en provenance du Japon.<\/p>\n<p>Le Kobido est la technique de soin du visage la plus ancienne du Japon. Par cons\u00e9quent, les soins doivent \u00eatre r\u00e9alis\u00e9s en utilisant des produits de soin pour la peau de qualit\u00e9 optimum.<\/p>\n<h5><strong>Principaux ingr\u00e9dients :<\/strong><\/h5>\n<ul>\n<li><strong>Th\u00e9 vert imperial : puissant anti-oxydant,<\/strong>\n<ul>\n<li>anti-inflammatoire, riche en vitamines et min\u00e9raux.<\/li>\n<li>R\u00e9duit cons\u00e9quemment les dommages de la peau, agit sur les peaux grasses et sur l\u2019acn\u00e9.<\/li>\n<li><\/li>\n<\/ul>\n<\/li>\n<li><strong>Champignon Rei Shi : utilis\u00e9 contre les effets de stress.<\/strong>\n<ul>\n<li>C\u2019est aussi un fort stimulant de l\u2019immunit\u00e9.<\/li>\n<li><\/li>\n<\/ul>\n<\/li>\n<li><strong>Ginseng rouge Kirin : c'est un ingr\u00e9dient important dans la m\u00e9decine traditionnelle d\u2019Asie.<\/strong>\n<ul>\n<li>Action sur le stress et la fatigue, r\u00e9gulateur des hormones.<\/li>\n<li><\/li>\n<\/ul>\n<\/li>\n<li><strong>Prune japonaise : stimule la peau en la rendant plus ferme.<\/strong>\n<ul>\n<li>Active la circulation sanguine au niveau du visage<\/li>\n<li><\/li>\n<\/ul>\n<\/li>\n<li><strong>Renou\u00e9e japonaise (plante herbac\u00e9e vivace originaire d\u2019Asie)<\/strong><\/li>\n<\/ul>\n<p>Anti-oxydant, favorise une bonne circulation sanguine essentielle \u00e0 la bonne sant\u00e9 de la peau.<\/p>\n<\/div>\n<\/article>\n<h5><\/h5>\n<article id=\"post-241\" class=\"post-241 page type-page status-publish hentry\">\n<div class=\"entry-content\"><\/div>\n<div class=\"entry-content\">\n<p>&nbsp;<\/p>\n<\/div>\n<\/article>\n<\/div>\n<\/div>\n<\/div>\n<\/div><\/div><\/div><\/div><div id=\"pg-134-1\"  class=\"panel-grid panel-no-style\" ><div id=\"pgc-134-1-0\"  class=\"panel-grid-cell\" ><div id=\"panel-134-1-0-0\" class=\"so-panel widget widget_sow-editor panel-first-child panel-last-child\" data-index=\"1\" ><div\n\t\t\t\n\t\t\tclass=\"so-widget-sow-editor so-widget-sow-editor-base\"\n\t\t\t\n\t\t><h3 class=\"widget-title\">Les produits Kobido au d\u00e9tail<\/h3>\n<div class=\"siteorigin-widget-tinymce textwidget\">\n\t<p>sont disponibles pour les clientes qui d\u00e9sirent utiliser les produits Kobido au quotidien:<\/p>\n<blockquote>\n<p>LOTIONS TONIQUES Tropical Splash et Sakura Toner<\/p>\n<p>SERUM HYDRATANT Sakura<\/p>\n<p>COMPLEXE AGE REVERSE visage et\u00a0contour des yeux<\/p>\n<p>MASQUE HYDRATANT Kiwi Mask<\/p>\n<\/blockquote>\n<\/div>\n<\/div><\/div><\/div><div id=\"pgc-134-1-1\"  class=\"panel-grid-cell\" ><div id=\"panel-134-1-1-0\" class=\"so-panel widget widget_media_image panel-first-child panel-last-child\" data-index=\"2\" ><img loading=\"lazy\" decoding=\"async\" width=\"178\" height=\"300\" src=\"https:\/\/www.kobido-laure-massages.fr\/wp-content\/uploads\/2019\/01\/Produit-Kobido2-178x300.jpg\" class=\"image wp-image-570  attachment-medium size-medium\" alt=\"Produit Kobido s\u00e9rum hydratant Sakura\" style=\"max-width: 100%; height: auto;\" srcset=\"https:\/\/www.kobido-laure-massages.fr\/wp-content\/uploads\/2019\/01\/Produit-Kobido2-178x300.jpg 178w, https:\/\/www.kobido-laure-massages.fr\/wp-content\/uploads\/2019\/01\/Produit-Kobido2-768x1296.jpg 768w, https:\/\/www.kobido-laure-massages.fr\/wp-content\/uploads\/2019\/01\/Produit-Kobido2-607x1024.jpg 607w, https:\/\/www.kobido-laure-massages.fr\/wp-content\/uploads\/2019\/01\/Produit-Kobido2-520x877.jpg 520w, https:\/\/www.kobido-laure-massages.fr\/wp-content\/uploads\/2019\/01\/Produit-Kobido2-740x1249.jpg 740w, https:\/\/www.kobido-laure-massages.fr\/wp-content\/uploads\/2019\/01\/Produit-Kobido2.jpg 1890w\" sizes=\"auto, (max-width: 178px) 100vw, 178px\" \/><\/div><\/div><div id=\"pgc-134-1-2\"  class=\"panel-grid-cell\" ><div id=\"panel-134-1-2-0\" class=\"so-panel widget widget_sow-editor panel-first-child panel-last-child\" data-index=\"3\" ><div\n\t\t\t\n\t\t\tclass=\"so-widget-sow-editor so-widget-sow-editor-base\"\n\t\t\t\n\t\t><h3 class=\"widget-title\">Prix des produits de soin KOBIDO<\/h3>\n<div class=\"siteorigin-widget-tinymce textwidget\">\n\t<p>de 39\u20ac \u00e0 69\u20ac<\/p>\n<\/div>\n<\/div><\/div><\/div><\/div><div id=\"pg-134-2\"  class=\"panel-grid panel-no-style\" ><div id=\"pgc-134-2-0\"  class=\"panel-grid-cell\" ><div id=\"panel-134-2-0-0\" class=\"so-panel widget widget_sow-editor panel-first-child panel-last-child\" data-index=\"4\" ><div\n\t\t\t\n\t\t\tclass=\"so-widget-sow-editor so-widget-sow-editor-base\"\n\t\t\t\n\t\t><h3 class=\"widget-title\">Voici quelques-uns des ingr\u00e9dients toxiques les plus couramment utilis\u00e9s en cosm\u00e9tique\u00a0:<\/h3>\n<div class=\"siteorigin-widget-tinymce textwidget\">\n\t<div class=\"entry-content\">\n<h5><strong>Les produits KOBIDO ne contiennent pas les ingr\u00e9dients suivants en raison de leurs propri\u00e9t\u00e9s toxiques, allerg\u00e8nes, canc\u00e9rig\u00e8nes ou autres.<\/strong><\/h5>\n<\/div>\n<div class=\"entry-content\">\n<p><strong><em><u>PAS de <\/u><\/em><\/strong><em><u>\u00a0T.H.E (Tri\u00e9thanolamine), D.E.A (Di\u00e9thanolamine), et M.E.A (Mono\u00e9thanolamine<\/u><\/em>):<\/p>\n<p>Ces conservateurs cosm\u00e9tiques courants sont des produits chimiques perturbateurs des hormones qui peuvent former des nitrates et des nitrosamines (canc\u00e9rog\u00e8nes).\u00a0Ces produits chimiques sont limit\u00e9s en Europe en raison des effets canc\u00e9rog\u00e8nes connus.\u00a0L'Am\u00e9ricain moyen peut \u00eatre expos\u00e9 \u00e0 ce produit chimique 10 \u00e0 20 fois par jour en utilisant des produits courants comme le savon, le shampoing, la lotion, la cr\u00e8me \u00e0 raser et le bain moussant.\u00a0Le Dr Samuel Epstein (professeur de sant\u00e9 environnementale \u00e0 l'Universit\u00e9 de l'Illinois) affirme que les applications r\u00e9p\u00e9t\u00e9es de d\u00e9tergents \u00e0 base de DEA sur la peau ont entra\u00een\u00e9 une augmentation importante de l'incidence du cancer du foie et des reins.\u00a0John Bailey, de la FDA, dit que ceci est particuli\u00e8rement important car les risques deviennent significativement plus \u00e9lev\u00e9s pour les enfants.<\/p>\n<p><strong><em><u>PAS de<\/u><\/em><\/strong><em><u>\u00a0parab\u00e8nes (m\u00e9thyle, propyle, \u00e9thyle et butyle) ou esters de PHB:<\/u><\/em><\/p>\n<p>Ces produits chimiques allerg\u00e8nes toxiques figurent parmi les conservateurs cosm\u00e9tiques synth\u00e9tiques les plus courants.\u00a0Les parab\u00e8nes sont des causes reconnues de dermatite de contact grave et intraitable.\u00a0Les patients sensibles \u00e0 un paraben pr\u00e9sentent une sensibilit\u00e9 crois\u00e9e aux autres.\u00a0Les parab\u00e8nes sont souvent utilis\u00e9s comme spermicides et les quatre parab\u00e8nes les plus utilis\u00e9s (comme ci-dessus) se r\u00e9v\u00e8lent tous faiblement \u0153strog\u00e9niques (imitant l'oestrog\u00e8ne dans l'organisme).\u00a0Cette d\u00e9couverte met en \u00e9vidence des effets n\u00e9gatifs potentiels sur le f\u0153tus pendant la grossesse, o\u00f9 un paraben peut agir comme une hormone f\u00e9minine \u00e9trang\u00e8re.\u00a0Les produits contenant des prot\u00e9ines et conserv\u00e9s avec des parab\u00e8nes se sont av\u00e9r\u00e9s contenir des micro-organismes, m\u00eame lorsque les PHB \u00e9taient utilis\u00e9s \u00e0 des concentrations \u00e9lev\u00e9es et que les produits semblaient \u00eatre exempts de bact\u00e9ries.\u00a0Cela signifie que les PHB ne peuvent \u00eatre utilis\u00e9s en toute s\u00e9curit\u00e9 dans aucun produit de soin de la peau contenant du collag\u00e8ne, de l'\u00e9lastine, de la k\u00e9ratine, etc.<\/p>\n<p><strong><em><u>PAS de <\/u><\/em><\/strong><em><u>\u00a0Imidazolidinyl &amp; DMDM \u200b\u200bHydantoin Urea (Germal et Germal II):<\/u><\/em><\/p>\n<p>Ces conservateurs sont connus pour lib\u00e9rer le formald\u00e9hyde, un canc\u00e9rog\u00e8ne connu (agent canc\u00e9rig\u00e8ne).\u00a0Le formald\u00e9hyde affaiblit le syst\u00e8me immunitaire et peut contribuer aux douleurs articulaires, aux r\u00e9actions cutan\u00e9es, aux allergies, \u00e0 la d\u00e9pression, aux maux de t\u00eate, aux douleurs thoraciques, aux otites, \u00e0 la fatigue chronique, aux \u00e9tourdissements et \u00e0 la perte de sommeil.\u00a0L'exposition peut \u00e9galement irriter le syst\u00e8me respiratoire, d\u00e9clencher des palpitations cardiaques ou de l'asthme et aggraver la toux et le rhume.<\/p>\n<p><strong><em><u>PAS de<\/u><\/em><\/strong><em><u>\u00a0pigments de couleur FD &amp; C:<\/u><\/em><\/p>\n<p>Ces produits p\u00e9troliers synth\u00e9tiques sont fabriqu\u00e9s \u00e0 partir de goudron de houille.\u00a0Ils contiennent des sels de m\u00e9taux lourds toxiques et irritants pour la peau.\u00a0La plupart des colorants artificiels sont canc\u00e9rig\u00e8nes (causant le cancer) et l'absorption de certaines couleurs peut entra\u00eener un appauvrissement en oxyg\u00e8ne et m\u00eame la mort.<\/p>\n<p><strong><em><u>AUCUN<\/u><\/em><\/strong><em><u>\u00a0parfum <\/u><\/em>:<\/p>\n<p>La plupart des parfums et parfums sont des bi-produits p\u00e9troliers synth\u00e9tiques, m\u00eame ceux qui revendiquent un parfum naturel.\u00a0Le mot parfum peut indiquer la pr\u00e9sence de jusqu'\u00e0 quatre mille ingr\u00e9dients distincts.\u00a0Beaucoup de ces ingr\u00e9dients sont toxiques ou canc\u00e9rig\u00e8nes (causant le cancer).\u00a0Les sympt\u00f4mes signal\u00e9s \u00e0 la FDA comprennent des maux de t\u00eate, des vertiges, des \u00e9ruptions cutan\u00e9es allergiques, une d\u00e9coloration de la peau, une toux violente, des vomissements et une irritation cutan\u00e9e.\u00a0L'observation clinique prouve que les parfums peuvent affecter le syst\u00e8me nerveux central, entra\u00eenant une d\u00e9pression, une hyperactivit\u00e9, une irritabilit\u00e9, une incapacit\u00e9 \u00e0 faire face et d'autres changements comportementaux.<\/p>\n<p><strong><em><u>PAS d\u2019<\/u><\/em><\/strong><em><u>\u00a0huile min\u00e9rale:<\/u><\/em><\/p>\n<p>L'huile min\u00e9rale est un bi-produit p\u00e9trolier com\u00e9dog\u00e8ne (obstruant les pores) et un canc\u00e9rog\u00e8ne connu (agent canc\u00e9rig\u00e8ne).\u00a0Il interf\u00e8re avec la capacit\u00e9 de la peau \u00e0 \u00e9liminer les toxines, favorisant l'acn\u00e9 et d'autres troubles.\u00a0Il ralentit \u00e9galement le fonctionnement de la peau et le d\u00e9veloppement cellulaire, entra\u00eenant un vieillissement pr\u00e9matur\u00e9.\u00a0L'huile de b\u00e9b\u00e9 est une huile 100% min\u00e9rale.<\/p>\n<p><strong><em><u>PAS d'<\/u><\/em><\/strong><em><u>\u00a0hydroquinone<\/u><\/em>:<\/p>\n<p>L'un des ingr\u00e9dients les plus toxiques et canc\u00e9rig\u00e8nes de l'industrie cosm\u00e9tique, utilis\u00e9 pour blanchir ou \u00e9quilibrer le pigment des taches de rousseur et des taches de vieillesse.\u00a0Le groupe d\u2019experts du CIR rapporte que: La toxicit\u00e9 est tellement \u00e9lev\u00e9e que l\u2019ingestion de seulement 5 grammes a caus\u00e9 la mort.\u00a0L'ingestion d'\u00e0 peine un gramme a provoqu\u00e9 des naus\u00e9es, des vomissements, des bourdonnements dans les oreilles, un d\u00e9lire, une sensation de suffocation et un collapsus.\u00a0Test\u00e9 sur des rongeurs, il a provoqu\u00e9 une atrophie du foie, une an\u00e9mie aplasique et un cancer de la vessie.<\/p>\n<p><strong><em><u>PAS<\/u><\/em><\/strong><em><u>\u00a0de laurylsulfate de sodium (SLS) et de laurethsulfate de sodium (SLES):<\/u><\/em><\/p>\n<p>Ces d\u00e9tergents et surfactants constituent de graves menaces pour la sant\u00e9.\u00a0Ils sont utilis\u00e9s dans les lave-autos, les nettoyants pour sols de garage, les d\u00e9graissants pour moteurs et dans 90% des produits de soins personnels qui moussent.\u00a0Les animaux expos\u00e9s au SLS pr\u00e9sentent des l\u00e9sions oculaires, une d\u00e9pression, une respiration difficile, une diarrh\u00e9e, une grave irritation cutan\u00e9e et m\u00eame la mort.\u00a0Les jeunes yeux peuvent ne pas se d\u00e9velopper correctement s'ils sont expos\u00e9s au SLS car les prot\u00e9ines sont dissoutes.\u00a0Le SLS peut \u00e9galement endommager le syst\u00e8me immunitaire de la peau en provoquant la s\u00e9paration et l'enflure des couches.\u00a0Lorsqu'il est combin\u00e9 \u00e0 d'autres produits chimiques, le SLS peut \u00eatre transform\u00e9 en nitrosamines, une puissante classe de substances canc\u00e9rog\u00e8nes.\u00a0Votre corps peut retenir le SLS jusqu'\u00e0 cinq jours durant lesquels il peut p\u00e9n\u00e9trer et maintenir des niveaux r\u00e9siduels dans le c\u0153ur, le foie, les poumons et le cerveau.<\/p>\n<p><strong><em><u>AUCUN<\/u><\/em><\/strong><em><u>\u00a0extrait de graine de pamplemousse<\/u><\/em>:<\/p>\n<p>Les ingr\u00e9dients naturels sont traditionnellement utilis\u00e9s pour les entreprises cosm\u00e9tiques naturelles et biologiques.\u00a0Cependant, le fait de venir de la nature ne signifie pas toujours non toxique.\u00a0De nombreuses familles de semences de fruits sont tr\u00e8s toxiques.\u00a0Comme beaucoup de personnes le savent, 1\/4 tasse de p\u00e9pin de pomme peut \u00eatre une dose mortelle si elle est ing\u00e9r\u00e9e.\u00a0L'extrait de p\u00e9pins de pamplemousse contient du cyanure et ne peut \u00eatre utilis\u00e9 sans danger comme agent de conservation.\u00a0Ceci est un excellent exemple que de nombreux ingr\u00e9dients provenant de la nature ou consid\u00e9r\u00e9s comme \u00abnaturels\u00bb sont tr\u00e8s toxiques pour l'homme.<\/p>\n<p><u>Nous n'utilisons pas de conservateurs lib\u00e9rant du formald\u00e9hyde ni de BHT.<\/u><\/p>\n<p style=\"text-align: left;\">KOBIDO m\u00e8ne des recherches en cours pour assurer la s\u00e9curit\u00e9 de nos produits, m\u00eame ceux consid\u00e9r\u00e9s comme \u00abnaturels\u00bb.<\/p>\n<p>\"Dr Shogo Mochizuki\"<\/p>\n<\/div>\n<\/div>\n<\/div><\/div><\/div><\/div><\/div>","protected":false},"excerpt":{"rendered":"<p>\u00a0 \u00a0 \u00a0 \u00a0 \u00a0 \u00a0 \u00a0 \u00a0 \u00a0 \u00a0 \u00a0 \u00a0 \u00a0 \u00a0 \u00a0 \u00a0 \u00a0 \u00a0 \u00a0 \u00a0 \u00a0 \u00a0 \u00a0 \u00a0 \u00a0 \u00a0 \u00a0 \u00a0 \u00a0 \u00a0 \u00a0 \u00a0 \u00a0 \u00a0 \u00a0<a class=\"read-more\" href=\"https:\/\/www.kobido-laure-massages.fr\/index.php\/produits-cosmetiques-kobido\/\">Continue reading<\/a><\/p>\n","protected":false},"author":1,"featured_media":259,"parent":0,"menu_order":0,"comment_status":"closed","ping_status":"closed","template":"","meta":{"footnotes":""},"class_list":["post-134","page","type-page","status-publish","has-post-thumbnail","hentry"],"aioseo_notices":[],"_links":{"self":[{"href":"https:\/\/www.kobido-laure-massages.fr\/index.php\/wp-json\/wp\/v2\/pages\/134","targetHints":{"allow":["GET"]}}],"collection":[{"href":"https:\/\/www.kobido-laure-massages.fr\/index.php\/wp-json\/wp\/v2\/pages"}],"about":[{"href":"https:\/\/www.kobido-laure-massages.fr\/index.php\/wp-json\/wp\/v2\/types\/page"}],"author":[{"embeddable":true,"href":"https:\/\/www.kobido-laure-massages.fr\/index.php\/wp-json\/wp\/v2\/users\/1"}],"replies":[{"embeddable":true,"href":"https:\/\/www.kobido-laure-massages.fr\/index.php\/wp-json\/wp\/v2\/comments?post=134"}],"version-history":[{"count":7,"href":"https:\/\/www.kobido-laure-massages.fr\/index.php\/wp-json\/wp\/v2\/pages\/134\/revisions"}],"predecessor-version":[{"id":572,"href":"https:\/\/www.kobido-laure-massages.fr\/index.php\/wp-json\/wp\/v2\/pages\/134\/revisions\/572"}],"wp:featuredmedia":[{"embeddable":true,"href":"https:\/\/www.kobido-laure-massages.fr\/index.php\/wp-json\/wp\/v2\/media\/259"}],"wp:attachment":[{"href":"https:\/\/www.kobido-laure-massages.fr\/index.php\/wp-json\/wp\/v2\/media?parent=134"}],"curies":[{"name":"wp","href":"https:\/\/api.w.org\/{rel}","templated":true}]}}