{"id":135,"date":"2018-10-24T23:36:57","date_gmt":"2018-10-24T21:36:57","guid":{"rendered":"http:\/\/www.kobido-laure-massages.fr\/?page_id=135"},"modified":"2019-01-07T00:04:37","modified_gmt":"2019-01-06T23:04:37","slug":"prendre-rendez-vous","status":"publish","type":"page","link":"https:\/\/www.kobido-laure-massages.fr\/index.php\/prendre-rendez-vous\/","title":{"rendered":"PRENDRE RENDEZ-VOUS"},"content":{"rendered":"<h2><strong><img loading=\"lazy\" decoding=\"async\" class=\"size-large wp-image-212 aligncenter\" src=\"http:\/\/www.kobido-laure-massages.fr\/wp-content\/uploads\/2018\/10\/pi\u00e8ce-de-massage-1024x683.jpg\" alt=\"cabinet de massage - kobido - la bussiere\" width=\"1024\" height=\"683\" \/><\/strong><\/h2>\n<h2><\/h2>\n<h2 style=\"text-align: center;\"><span style=\"color: #993300;\">Laure vous re\u00e7oit UNIQUEMENT SUR RENDEZ-VOUS pris par t\u00e9l\u00e9phone au 06 63 01 29 94<\/span><\/h2>\n","protected":false},"excerpt":{"rendered":"<p>Laure vous re\u00e7oit UNIQUEMENT SUR RENDEZ-VOUS pris par t\u00e9l\u00e9phone au 06 63 01 29 94<\/p>\n","protected":false},"author":1,"featured_media":0,"parent":0,"menu_order":0,"comment_status":"closed","ping_status":"closed","template":"","meta":{"footnotes":""},"class_list":["post-135","page","type-page","status-publish","hentry"],"aioseo_notices":[],"_links":{"self":[{"href":"https:\/\/www.kobido-laure-massages.fr\/index.php\/wp-json\/wp\/v2\/pages\/135","targetHints":{"allow":["GET"]}}],"collection":[{"href":"https:\/\/www.kobido-laure-massages.fr\/index.php\/wp-json\/wp\/v2\/pages"}],"about":[{"href":"https:\/\/www.kobido-laure-massages.fr\/index.php\/wp-json\/wp\/v2\/types\/page"}],"author":[{"embeddable":true,"href":"https:\/\/www.kobido-laure-massages.fr\/index.php\/wp-json\/wp\/v2\/users\/1"}],"replies":[{"embeddable":true,"href":"https:\/\/www.kobido-laure-massages.fr\/index.php\/wp-json\/wp\/v2\/comments?post=135"}],"version-history":[{"count":3,"href":"https:\/\/www.kobido-laure-massages.fr\/index.php\/wp-json\/wp\/v2\/pages\/135\/revisions"}],"predecessor-version":[{"id":277,"href":"https:\/\/www.kobido-laure-massages.fr\/index.php\/wp-json\/wp\/v2\/pages\/135\/revisions\/277"}],"wp:attachment":[{"href":"https:\/\/www.kobido-laure-massages.fr\/index.php\/wp-json\/wp\/v2\/media?parent=135"}],"curies":[{"name":"wp","href":"https:\/\/api.w.org\/{rel}","templated":true}]}}