{"id":137,"date":"2018-10-24T23:36:57","date_gmt":"2018-10-24T21:36:57","guid":{"rendered":"http:\/\/www.kobido-laure-massages.fr\/?page_id=137"},"modified":"2025-12-03T13:58:07","modified_gmt":"2025-12-03T12:58:07","slug":"accueil","status":"publish","type":"page","link":"https:\/\/www.kobido-laure-massages.fr\/","title":{"rendered":"ACCUEIL"},"content":{"rendered":"<div id=\"pl-137\"  class=\"panel-layout\" ><div id=\"pg-137-0\"  class=\"panel-grid panel-no-style\" ><div id=\"pgc-137-0-0\"  class=\"panel-grid-cell\" ><div id=\"panel-137-0-0-0\" class=\"so-panel widget widget_media_image panel-first-child panel-last-child\" data-index=\"0\" ><h3 class=\"widget-title\">.<\/h3><a href=\"http:\/\/www.kobido-laure-massages.fr\/index.php\/le-massage-kobido-du-visage\/\" target=\"_blank\"><img loading=\"lazy\" decoding=\"async\" width=\"151\" height=\"157\" src=\"https:\/\/www.kobido-laure-massages.fr\/wp-content\/uploads\/2020\/01\/laure-kimono.jpg\" class=\"image wp-image-1205  attachment-251x261 size-251x261\" alt=\"\" style=\"max-width: 100%; height: auto;\" \/><\/a><\/div><\/div><div id=\"pgc-137-0-1\"  class=\"panel-grid-cell\" ><div id=\"panel-137-0-1-0\" class=\"so-panel widget widget_sow-editor panel-first-child panel-last-child\" data-index=\"1\" ><div\n\t\t\t\n\t\t\tclass=\"so-widget-sow-editor so-widget-sow-editor-base\"\n\t\t\t\n\t\t>\n<div class=\"siteorigin-widget-tinymce textwidget\">\n\t<h2>Laure, praticienne certifi\u00e9e en Massages Bien-Etre et \u00e9nerg\u00e9tiques, \u00e0 \u00e9t\u00e9 form\u00e9e au<span style=\"color: #800000;\">\u00a0<strong>v\u00e9ritable<\/strong><\/span><strong>\u00a0<a href=\"http:\/\/www.kobido-laure-massages.fr\/index.php\/le-massage-kobido-du-visage\/\" target=\"_blank\" rel=\"noopener\"><span style=\"color: #800000;\">massage Kobido<\/span><\/a><\/strong>,le soin naturel liftant des imp\u00e9ratrices et des geishas, transmis directement et en pr\u00e9sentiel par le<\/h2>\n<h2>\u00a0<strong><span style=\"color: #800000;\"><em>Dr Shogo Mochizuki\u00a0 \u00a0<\/em><\/span>Maitre Kobido de la 26\u00e8me g\u00e9n\u00e9ration.\u00a0<\/strong><\/h2>\n<h2><strong>Le seul \u00e0 enseigner le KOBIDO traditionnel de la maison Kobido fond\u00e9e au Japon en 1472!<br \/>\n<\/strong><\/h2>\n<h2>Le nom Kobido est beaucoup repris et utilis\u00e9 \u00e0 l'heure actuelle pour enseigner et pratiquer des soins du visage bien-\u00eatre et esth\u00e9tiques certainement de bonne qualit\u00e9 mais qui ne sont pas<\/h2>\n<h2><strong><span style=\"color: #800000;\">\"LE KOBIDO\"<\/span><\/strong><\/h2>\n<h2><strong><span style=\"color: #800000;\"> m\u00eame si le nom de la marque \u00e0 \u00e9t\u00e9 d\u00e9pos\u00e9 en France par d'autres, le Dr Shogo \u00a0reste l'unique enseignant reconnu par la maison japonaise et lign\u00e9e ancestrale Kobido<\/span><\/strong><\/h2>\n<p class=\"font_7 wixui-rich-text__text\"><strong><span class=\"color_36 wixui-rich-text__text\"><span class=\"wixui-rich-text__text\">Nous sommes un nombre restreint de praticiens en France \u00e0 avoir suivi compl\u00e8tement et valid\u00e9\u00a0 cette formation rigoureuse et exigeante aupr\u00e8s aupr\u00e8s du Docteur Shogo Mochizuki,\u00a0 Ma\u00eetre de la 26 \u00e8me g\u00e9n\u00e9ration de la lign\u00e9e du Kobido.\u00a0<\/span><\/span><\/strong><\/p>\n<h2>Quand tradition et bien-\u00eatre se rencontrent\u2026<\/h2>\n<h2><\/h2>\n<\/div>\n<\/div><\/div><\/div><div id=\"pgc-137-0-2\"  class=\"panel-grid-cell\" ><div id=\"panel-137-0-2-0\" class=\"so-panel widget widget_media_image panel-first-child\" data-index=\"2\" ><a href=\"https:\/\/www.kobido.com\/find-a-spa-in-france.html\" target=\"_blank\"><img loading=\"lazy\" decoding=\"async\" width=\"234\" height=\"189\" src=\"https:\/\/www.kobido-laure-massages.fr\/wp-content\/uploads\/2020\/01\/laure-et-shogo.jpg\" class=\"image wp-image-1206  attachment-full size-full\" alt=\"\" style=\"max-width: 100%; height: auto;\" \/><\/a><\/div><div id=\"panel-137-0-2-1\" class=\"so-panel widget widget_media_image panel-last-child\" data-index=\"3\" ><h3 class=\"widget-title\">Facialiste Kobido niveau 5<\/h3><img loading=\"lazy\" decoding=\"async\" width=\"201\" height=\"300\" src=\"https:\/\/www.kobido-laure-massages.fr\/wp-content\/uploads\/2024\/04\/diplome02-e1712416567147.jpg\" class=\"image wp-image-1540  attachment-medium size-medium\" alt=\"\" style=\"max-width: 100%; height: auto;\" \/><\/div><\/div><\/div><div id=\"pg-137-1\"  class=\"panel-grid panel-no-style\" ><div id=\"pgc-137-1-0\"  class=\"panel-grid-cell\" ><div id=\"panel-137-1-0-0\" class=\"so-panel widget widget_text panel-first-child panel-last-child\" data-index=\"4\" ><h3 class=\"widget-title\">NOUVEL ESPACE BIEN-ETRE A CHATEL GUYON<\/h3>\t\t\t<div class=\"textwidget\"><p><img loading=\"lazy\" decoding=\"async\" class=\"size-full wp-image-1220 alignright\" src=\"http:\/\/www.kobido-laure-massages.fr\/wp-content\/uploads\/2020\/01\/coeurs-1.jpg\" alt=\"\" width=\"481\" height=\"105\" srcset=\"https:\/\/www.kobido-laure-massages.fr\/wp-content\/uploads\/2020\/01\/coeurs-1.jpg 481w, https:\/\/www.kobido-laure-massages.fr\/wp-content\/uploads\/2020\/01\/coeurs-1-300x65.jpg 300w\" sizes=\"auto, (max-width: 481px) 100vw, 481px\" \/><a href=\"http:\/\/www.kobido-laure-massages.fr\/index.php\/2020\/07\/08\/ouverture-dun-espace-bien-etre-developpement-personnel-a-chatel-guyon\/\"><img loading=\"lazy\" decoding=\"async\" class=\"wp-image-1272 alignleft\" src=\"http:\/\/www.kobido-laure-massages.fr\/wp-content\/uploads\/2020\/07\/DSC02750-1024x577.jpg\" alt=\"\" width=\"474\" height=\"267\" srcset=\"https:\/\/www.kobido-laure-massages.fr\/wp-content\/uploads\/2020\/07\/DSC02750-1024x577.jpg 1024w, https:\/\/www.kobido-laure-massages.fr\/wp-content\/uploads\/2020\/07\/DSC02750-300x169.jpg 300w, https:\/\/www.kobido-laure-massages.fr\/wp-content\/uploads\/2020\/07\/DSC02750-768x433.jpg 768w, https:\/\/www.kobido-laure-massages.fr\/wp-content\/uploads\/2020\/07\/DSC02750-520x293.jpg 520w, https:\/\/www.kobido-laure-massages.fr\/wp-content\/uploads\/2020\/07\/DSC02750-740x417.jpg 740w\" sizes=\"auto, (max-width: 474px) 100vw, 474px\" \/><\/a><\/p>\n<\/div>\n\t\t<\/div><\/div><div id=\"pgc-137-1-1\"  class=\"panel-grid-cell\" ><div id=\"panel-137-1-1-0\" class=\"so-panel widget widget_media_image panel-first-child panel-last-child\" data-index=\"5\" ><h3 class=\"widget-title\">plus qu&rsquo;un soin du visage, une exp\u00e9rience \u00e9nerg\u00e9tique unique<\/h3><img loading=\"lazy\" decoding=\"async\" width=\"221\" height=\"288\" src=\"https:\/\/www.kobido-laure-massages.fr\/wp-content\/uploads\/2019\/01\/prat-kob-2.png\" class=\"image wp-image-562  attachment-full size-full\" alt=\"\" style=\"max-width: 100%; height: auto;\" \/><\/div><\/div><div id=\"pgc-137-1-2\"  class=\"panel-grid-cell\" ><div id=\"panel-137-1-2-0\" class=\"so-panel widget widget_media_image panel-first-child panel-last-child\" data-index=\"6\" ><h3 class=\"widget-title\">Laure pratique avec les produits officiels Kobido<\/h3><a href=\"http:\/\/www.kobido-laure-massages.fr\/index.php\/actualite\"><img loading=\"lazy\" decoding=\"async\" width=\"178\" height=\"300\" src=\"https:\/\/www.kobido-laure-massages.fr\/wp-content\/uploads\/2019\/01\/Produit-Kobido2-178x300.jpg\" class=\"image wp-image-570  attachment-medium size-medium\" alt=\"\" style=\"max-width: 100%; height: auto;\" srcset=\"https:\/\/www.kobido-laure-massages.fr\/wp-content\/uploads\/2019\/01\/Produit-Kobido2-178x300.jpg 178w, https:\/\/www.kobido-laure-massages.fr\/wp-content\/uploads\/2019\/01\/Produit-Kobido2-768x1296.jpg 768w, https:\/\/www.kobido-laure-massages.fr\/wp-content\/uploads\/2019\/01\/Produit-Kobido2-607x1024.jpg 607w, https:\/\/www.kobido-laure-massages.fr\/wp-content\/uploads\/2019\/01\/Produit-Kobido2-520x877.jpg 520w, https:\/\/www.kobido-laure-massages.fr\/wp-content\/uploads\/2019\/01\/Produit-Kobido2-740x1249.jpg 740w, https:\/\/www.kobido-laure-massages.fr\/wp-content\/uploads\/2019\/01\/Produit-Kobido2.jpg 1890w\" sizes=\"auto, (max-width: 178px) 100vw, 178px\" \/><\/a><\/div><\/div><\/div><div id=\"pg-137-2\"  class=\"panel-grid panel-no-style\" ><div id=\"pgc-137-2-0\"  class=\"panel-grid-cell\" ><div id=\"panel-137-2-0-0\" class=\"so-panel widget widget_sow-editor panel-first-child panel-last-child\" data-index=\"7\" ><div\n\t\t\t\n\t\t\tclass=\"so-widget-sow-editor so-widget-sow-editor-base\"\n\t\t\t\n\t\t><h3 class=\"widget-title\">REFERENCES \"VERITABLE KOBIDO ANCESTRAL\"<\/h3>\n<div class=\"siteorigin-widget-tinymce textwidget\">\n\t<p><a href=\"https:\/\/www.kobido.com\/\">https:\/\/www.kobido.com\/<\/a><\/p>\n<p>&nbsp;<\/p>\n<\/div>\n<\/div><\/div><\/div><div id=\"pgc-137-2-1\"  class=\"panel-grid-cell\" ><div id=\"panel-137-2-1-0\" class=\"so-panel widget widget_sow-editor panel-first-child panel-last-child\" data-index=\"8\" ><div\n\t\t\t\n\t\t\tclass=\"so-widget-sow-editor so-widget-sow-editor-base\"\n\t\t\t\n\t\t><h3 class=\"widget-title\">Soin de prestige au GEORGES V<\/h3>\n<div class=\"siteorigin-widget-tinymce textwidget\">\n\t<p><a href=\"https:\/\/www.fourseasons.com\/fr\/paris\/spa\/\" target=\"_blank\" rel=\"noopener\">https:\/\/www.fourseasons.com\/fr\/paris\/spa\/<\/a><\/p>\n<\/div>\n<\/div><\/div><\/div><\/div><div id=\"pg-137-3\"  class=\"panel-grid panel-no-style\" ><div id=\"pgc-137-3-0\"  class=\"panel-grid-cell\" ><div id=\"panel-137-3-0-0\" class=\"so-panel widget widget_media_image panel-first-child panel-last-child\" data-index=\"9\" ><h3 class=\"widget-title\">HAPPY NEW YEAR<\/h3><figure style=\"width: 225px\" class=\"wp-caption alignnone\"><img loading=\"lazy\" decoding=\"async\" width=\"225\" height=\"300\" src=\"https:\/\/www.kobido-laure-massages.fr\/wp-content\/uploads\/2020\/01\/IMG_20191225_135848-225x300.jpg\" class=\"image wp-image-1215  attachment-medium size-medium\" alt=\"\" style=\"max-width: 100%; height: auto;\" srcset=\"https:\/\/www.kobido-laure-massages.fr\/wp-content\/uploads\/2020\/01\/IMG_20191225_135848-225x300.jpg 225w, https:\/\/www.kobido-laure-massages.fr\/wp-content\/uploads\/2020\/01\/IMG_20191225_135848-768x1024.jpg 768w, https:\/\/www.kobido-laure-massages.fr\/wp-content\/uploads\/2020\/01\/IMG_20191225_135848-520x693.jpg 520w, https:\/\/www.kobido-laure-massages.fr\/wp-content\/uploads\/2020\/01\/IMG_20191225_135848-740x987.jpg 740w\" sizes=\"auto, (max-width: 225px) 100vw, 225px\" \/><figcaption class=\"wp-caption-text\">Je vous souhaite une ann\u00e9e 2024  lumineusement dor\u00e9e <\/figcaption><\/figure><\/div><\/div><div id=\"pgc-137-3-1\"  class=\"panel-grid-cell\" ><div id=\"panel-137-3-1-0\" class=\"so-panel widget widget_media_image panel-first-child panel-last-child\" data-index=\"10\" ><h3 class=\"widget-title\">ACTUALITE<\/h3><a href=\"http:\/\/www.kobido-laure-massages.fr\/index.php\/actualite\"><img loading=\"lazy\" decoding=\"async\" width=\"300\" height=\"187\" src=\"https:\/\/www.kobido-laure-massages.fr\/wp-content\/uploads\/2018\/10\/minou-300x187.png\" class=\"image wp-image-222  attachment-medium size-medium\" alt=\"\" style=\"max-width: 100%; height: auto;\" srcset=\"https:\/\/www.kobido-laure-massages.fr\/wp-content\/uploads\/2018\/10\/minou-300x187.png 300w, https:\/\/www.kobido-laure-massages.fr\/wp-content\/uploads\/2018\/10\/minou-520x325.png 520w, https:\/\/www.kobido-laure-massages.fr\/wp-content\/uploads\/2018\/10\/minou.png 551w\" sizes=\"auto, (max-width: 300px) 100vw, 300px\" \/><\/a><\/div><\/div><div id=\"pgc-137-3-2\"  class=\"panel-grid-cell\" ><div id=\"panel-137-3-2-0\" class=\"so-panel widget widget_media_image panel-first-child panel-last-child\" data-index=\"11\" ><h3 class=\"widget-title\">Laure vous propose des BONS CADEAUX<\/h3><figure style=\"width: 267px\" class=\"wp-caption alignnone\"><a href=\"http:\/\/www.kobido-laure-massages.fr\/index.php\/bons-cadeaux\/\"><img loading=\"lazy\" decoding=\"async\" width=\"267\" height=\"189\" src=\"https:\/\/www.kobido-laure-massages.fr\/wp-content\/uploads\/2019\/12\/images.jpg\" class=\"image wp-image-1045  attachment-full size-full\" alt=\"Bons cadeaux \u00e0 partir de 50 E\" style=\"max-width: 100%; height: auto;\" \/><\/a><figcaption class=\"wp-caption-text\">soyez s\u00fbr de faire plaisir!\nVous choisissez le montant du cadeau et la personne choisit son soin parmi ceux propos\u00e9s<\/figcaption><\/figure><\/div><\/div><\/div><\/div>","protected":false},"excerpt":{"rendered":"<p>Laure, praticienne certifi\u00e9e en Massages Bien-Etre et \u00e9nerg\u00e9tiques, \u00e0 \u00e9t\u00e9 form\u00e9e au\u00a0v\u00e9ritable\u00a0massage Kobido,le soin naturel liftant des imp\u00e9ratrices et des geishas, transmis directement et en pr\u00e9sentiel par le \u00a0Dr Shogo Mochizuki\u00a0 \u00a0Maitre Kobido de la<a class=\"read-more\" href=\"https:\/\/www.kobido-laure-massages.fr\/\">Continue reading<\/a><\/p>\n","protected":false},"author":1,"featured_media":64,"parent":0,"menu_order":0,"comment_status":"closed","ping_status":"closed","template":"","meta":{"footnotes":""},"class_list":["post-137","page","type-page","status-publish","has-post-thumbnail","hentry"],"aioseo_notices":[],"_links":{"self":[{"href":"https:\/\/www.kobido-laure-massages.fr\/index.php\/wp-json\/wp\/v2\/pages\/137","targetHints":{"allow":["GET"]}}],"collection":[{"href":"https:\/\/www.kobido-laure-massages.fr\/index.php\/wp-json\/wp\/v2\/pages"}],"about":[{"href":"https:\/\/www.kobido-laure-massages.fr\/index.php\/wp-json\/wp\/v2\/types\/page"}],"author":[{"embeddable":true,"href":"https:\/\/www.kobido-laure-massages.fr\/index.php\/wp-json\/wp\/v2\/users\/1"}],"replies":[{"embeddable":true,"href":"https:\/\/www.kobido-laure-massages.fr\/index.php\/wp-json\/wp\/v2\/comments?post=137"}],"version-history":[{"count":62,"href":"https:\/\/www.kobido-laure-massages.fr\/index.php\/wp-json\/wp\/v2\/pages\/137\/revisions"}],"predecessor-version":[{"id":1595,"href":"https:\/\/www.kobido-laure-massages.fr\/index.php\/wp-json\/wp\/v2\/pages\/137\/revisions\/1595"}],"wp:featuredmedia":[{"embeddable":true,"href":"https:\/\/www.kobido-laure-massages.fr\/index.php\/wp-json\/wp\/v2\/media\/64"}],"wp:attachment":[{"href":"https:\/\/www.kobido-laure-massages.fr\/index.php\/wp-json\/wp\/v2\/media?parent=137"}],"curies":[{"name":"wp","href":"https:\/\/api.w.org\/{rel}","templated":true}]}}