{"id":140,"date":"2018-10-24T23:36:57","date_gmt":"2018-10-24T21:36:57","guid":{"rendered":"http:\/\/www.kobido-laure-massages.fr\/?page_id=140"},"modified":"2020-07-22T00:20:17","modified_gmt":"2020-07-21T22:20:17","slug":"contact","status":"publish","type":"page","link":"https:\/\/www.kobido-laure-massages.fr\/index.php\/contact\/","title":{"rendered":"CONTACT"},"content":{"rendered":"<div id=\"pl-140\"  class=\"panel-layout\" ><div id=\"pg-140-0\"  class=\"panel-grid panel-no-style\" ><div id=\"pgc-140-0-0\"  class=\"panel-grid-cell\" ><div id=\"panel-140-0-0-0\" class=\"so-panel widget widget_media_image panel-first-child panel-last-child\" data-index=\"0\" ><div class=\"so-parallax panel-widget-style panel-widget-style-for-140-0-0-0\" ><img fetchpriority=\"high\" decoding=\"async\" width=\"4000\" height=\"2664\" src=\"https:\/\/www.kobido-laure-massages.fr\/wp-content\/uploads\/2019\/01\/051179.jpg\" class=\"attachment-full size-full\" alt=\"\" data-siteorigin-parallax=\"true\" loading=\"eager\" srcset=\"https:\/\/www.kobido-laure-massages.fr\/wp-content\/uploads\/2019\/01\/051179.jpg 4000w, https:\/\/www.kobido-laure-massages.fr\/wp-content\/uploads\/2019\/01\/051179-300x200.jpg 300w, https:\/\/www.kobido-laure-massages.fr\/wp-content\/uploads\/2019\/01\/051179-768x511.jpg 768w, https:\/\/www.kobido-laure-massages.fr\/wp-content\/uploads\/2019\/01\/051179-1024x682.jpg 1024w, https:\/\/www.kobido-laure-massages.fr\/wp-content\/uploads\/2019\/01\/051179-390x260.jpg 390w, https:\/\/www.kobido-laure-massages.fr\/wp-content\/uploads\/2019\/01\/051179-520x346.jpg 520w, https:\/\/www.kobido-laure-massages.fr\/wp-content\/uploads\/2019\/01\/051179-740x493.jpg 740w, https:\/\/www.kobido-laure-massages.fr\/wp-content\/uploads\/2019\/01\/051179-272x182.jpg 272w\" sizes=\"(max-width: 4000px) 100vw, 4000px\" \/><img loading=\"lazy\" decoding=\"async\" width=\"994\" height=\"318\" src=\"https:\/\/www.kobido-laure-massages.fr\/wp-content\/uploads\/2019\/01\/DSC00705-e1550522793480.jpg\" class=\"image wp-image-639  attachment-full size-full\" alt=\"Laure massages bien -\u00eatre la Bussi\u00e8re\" style=\"max-width: 100%; height: auto;\" srcset=\"https:\/\/www.kobido-laure-massages.fr\/wp-content\/uploads\/2019\/01\/DSC00705-e1550522793480.jpg 994w, https:\/\/www.kobido-laure-massages.fr\/wp-content\/uploads\/2019\/01\/DSC00705-e1550522793480-300x96.jpg 300w, https:\/\/www.kobido-laure-massages.fr\/wp-content\/uploads\/2019\/01\/DSC00705-e1550522793480-768x246.jpg 768w, https:\/\/www.kobido-laure-massages.fr\/wp-content\/uploads\/2019\/01\/DSC00705-e1550522793480-520x166.jpg 520w, https:\/\/www.kobido-laure-massages.fr\/wp-content\/uploads\/2019\/01\/DSC00705-e1550522793480-740x237.jpg 740w\" sizes=\"auto, (max-width: 994px) 100vw, 994px\" \/><\/div><\/div><\/div><\/div><div id=\"pg-140-1\"  class=\"panel-grid panel-no-style\" ><div id=\"pgc-140-1-0\"  class=\"panel-grid-cell\" ><div id=\"panel-140-1-0-0\" class=\"so-panel widget widget_sow-editor panel-first-child panel-last-child\" data-index=\"1\" ><div\n\t\t\t\n\t\t\tclass=\"so-widget-sow-editor so-widget-sow-editor-base\"\n\t\t\t\n\t\t><h3 class=\"widget-title\">PRENDRE RENDEZ VOUS<\/h3>\n<div class=\"siteorigin-widget-tinymce textwidget\">\n\t<h2 style=\"text-align: center;\"><span style=\"color: #751a27;\">Laure vous re\u00e7ois\u00a0 uniquement sur rendez-vous\u00a0 pris ou confirm\u00e9 par t\u00e9l\u00e9phone au<\/span><\/h2>\n<\/div>\n<\/div><\/div><\/div><\/div><div id=\"pg-140-2\"  class=\"panel-grid panel-no-style\" ><div id=\"pgc-140-2-0\"  class=\"panel-grid-cell\" ><div id=\"panel-140-2-0-0\" class=\"so-panel widget widget_sow-editor panel-first-child\" data-index=\"2\" ><div\n\t\t\t\n\t\t\tclass=\"so-widget-sow-editor so-widget-sow-editor-base\"\n\t\t\t\n\t\t>\n<div class=\"siteorigin-widget-tinymce textwidget\">\n\t<blockquote>\n<h1><span style=\"color: #333333;\"><a style=\"color: #333333;\" href=\"tel:0663012994\">tel: 06 63 01 29 94<\/a><\/span><\/h1>\n<p>&nbsp;<\/p>\n<\/blockquote>\n<\/div>\n<\/div><\/div><div id=\"panel-140-2-0-1\" class=\"so-panel widget widget_sow-button panel-last-child\" data-index=\"3\" ><div\n\t\t\t\n\t\t\tclass=\"so-widget-sow-button so-widget-sow-button-atom-2de30a4547c3-140\"\n\t\t\t\n\t\t><div class=\"ow-button-base ow-button-align-center\"\n>\n\t\t\t<a\n\t\t\t\t\thref=\"https:\/\/www.facebook.com\/kobidolauremassages\"\n\t\t\t\t\tclass=\"sowb-button ow-icon-placement-left\" target=\"_blank\" rel=\"noopener noreferrer\" \t>\n\t\t<span>\n\t\t\t<span class=\"sow-icon-fontawesome sow-fas\" data-sow-icon=\"&#xf082;\"\n\t\tstyle=\"color: #751a27\" \n\t\taria-hidden=\"true\"><\/span>\n\t\t\tkobidolauremassages\t\t<\/span>\n\t\t\t<\/a>\n\t<\/div>\n<\/div><\/div><\/div><div id=\"pgc-140-2-1\"  class=\"panel-grid-cell\" ><div id=\"panel-140-2-1-1\" class=\"so-panel widget widget_media_image panel-last-child\" data-index=\"5\" ><img loading=\"lazy\" decoding=\"async\" width=\"225\" height=\"300\" src=\"https:\/\/www.kobido-laure-massages.fr\/wp-content\/uploads\/2020\/07\/IMG_20200718_154737-225x300.jpg\" class=\"image wp-image-1383  attachment-medium size-medium\" alt=\"\" style=\"max-width: 100%; height: auto;\" srcset=\"https:\/\/www.kobido-laure-massages.fr\/wp-content\/uploads\/2020\/07\/IMG_20200718_154737-225x300.jpg 225w, https:\/\/www.kobido-laure-massages.fr\/wp-content\/uploads\/2020\/07\/IMG_20200718_154737-768x1024.jpg 768w, https:\/\/www.kobido-laure-massages.fr\/wp-content\/uploads\/2020\/07\/IMG_20200718_154737-520x693.jpg 520w, https:\/\/www.kobido-laure-massages.fr\/wp-content\/uploads\/2020\/07\/IMG_20200718_154737-740x987.jpg 740w\" sizes=\"auto, (max-width: 225px) 100vw, 225px\" \/><\/div><\/div><div id=\"pgc-140-2-2\"  class=\"panel-grid-cell\" ><div id=\"panel-140-2-2-0\" class=\"so-panel widget widget_media_image panel-first-child panel-last-child\" data-index=\"6\" ><h3 class=\"widget-title\">la boutique OPALYS est ouverte \u00e0 Ch\u00e2tel-Guyon<\/h3><a href=\"http:\/\/www.kobido-laure-massages.fr\/index.php\/opalys\/\"><img loading=\"lazy\" decoding=\"async\" width=\"200\" height=\"300\" src=\"https:\/\/www.kobido-laure-massages.fr\/wp-content\/uploads\/2019\/02\/DSC00770-200x300.jpg\" class=\"image wp-image-875  attachment-medium size-medium\" alt=\"\" style=\"max-width: 100%; height: auto;\" srcset=\"https:\/\/www.kobido-laure-massages.fr\/wp-content\/uploads\/2019\/02\/DSC00770-200x300.jpg 200w, https:\/\/www.kobido-laure-massages.fr\/wp-content\/uploads\/2019\/02\/DSC00770-768x1152.jpg 768w, https:\/\/www.kobido-laure-massages.fr\/wp-content\/uploads\/2019\/02\/DSC00770-683x1024.jpg 683w, https:\/\/www.kobido-laure-massages.fr\/wp-content\/uploads\/2019\/02\/DSC00770-520x780.jpg 520w, https:\/\/www.kobido-laure-massages.fr\/wp-content\/uploads\/2019\/02\/DSC00770-740x1110.jpg 740w, https:\/\/www.kobido-laure-massages.fr\/wp-content\/uploads\/2019\/02\/DSC00770-e1550541874955.jpg 1000w\" sizes=\"auto, (max-width: 200px) 100vw, 200px\" \/><\/a><\/div><\/div><\/div><div id=\"pg-140-3\"  class=\"panel-grid panel-no-style\" ><div id=\"pgc-140-3-0\"  class=\"panel-grid-cell panel-grid-cell-empty\" ><\/div><div id=\"pgc-140-3-1\"  class=\"panel-grid-cell panel-grid-cell-empty panel-grid-cell-mobile-last\" ><\/div><div id=\"pgc-140-3-2\"  class=\"panel-grid-cell panel-grid-cell-empty\" ><\/div><\/div><div id=\"pg-140-4\"  class=\"panel-grid panel-no-style\" ><div id=\"pgc-140-4-0\"  class=\"panel-grid-cell\" ><div id=\"panel-140-4-0-0\" class=\"so-panel widget widget_sow-editor panel-first-child panel-last-child\" data-index=\"7\" ><div\n\t\t\t\n\t\t\tclass=\"so-widget-sow-editor so-widget-sow-editor-base\"\n\t\t\t\n\t\t><h3 class=\"widget-title\">EN AUVERGNE - Puy de D\u00f4me 63 :<\/h3>\n<div class=\"siteorigin-widget-tinymce textwidget\">\n\t<h4>au cabinet <strong>Laure Massages Bien-Etre<\/strong><\/h4>\n<h4>lieu dit La Bussi\u00e8re<\/h4>\n<h4>63780 Saint Georges de Mons<\/h4>\n<p>Coordonn\u00e9es GPS:<\/p>\n<div>\n<h4 class=\"section-hero-header-title\">45\u00b057'58.5\"N 2\u00b054'28.9\"E<\/h4>\n<\/div>\n<h4 class=\"section-hero-header-subtitle\">45.966258, 2.908038<\/h4>\n<\/div>\n<\/div><\/div><\/div><div id=\"pgc-140-4-1\"  class=\"panel-grid-cell\" ><div id=\"panel-140-4-1-0\" class=\"so-panel widget widget_sow-editor panel-first-child panel-last-child\" data-index=\"8\" ><div\n\t\t\t\n\t\t\tclass=\"so-widget-sow-editor so-widget-sow-editor-base\"\n\t\t\t\n\t\t><h3 class=\"widget-title\">deux adresses<\/h3>\n<div class=\"siteorigin-widget-tinymce textwidget\">\n\t<h4><\/h4>\n<h4><\/h4>\n<h4>\u00e0 l'espace \" A L'ORIGINE\"<\/h4>\n<h4>7 place Brosson<\/h4>\n<h4>63140 Ch\u00e2tel-Guyon<\/h4>\n<\/div>\n<\/div><\/div><\/div><div id=\"pgc-140-4-2\"  class=\"panel-grid-cell\" ><div id=\"panel-140-4-2-0\" class=\"so-panel widget widget_sow-editor panel-first-child panel-last-child\" data-index=\"9\" ><div\n\t\t\t\n\t\t\tclass=\"so-widget-sow-editor so-widget-sow-editor-base\"\n\t\t\t\n\t\t><h3 class=\"widget-title\">EN REGION PARISIENNE - Val d'Oise 95<\/h3>\n<div class=\"siteorigin-widget-tinymce textwidget\">\n\t<h4><\/h4>\n<h4>au cabinet d'Auvers sur Oise<\/h4>\n<h4>rue Daubigny<\/h4>\n<h4>95430 Auvers sur Oise<\/h4>\n<\/div>\n<\/div><\/div><\/div><\/div><div id=\"pg-140-5\"  class=\"panel-grid panel-no-style\" ><div id=\"pgc-140-5-0\"  class=\"panel-grid-cell\" ><div id=\"panel-140-5-0-0\" class=\"so-panel widget widget_sow-editor panel-first-child panel-last-child\" data-index=\"10\" ><div\n\t\t\t\n\t\t\tclass=\"so-widget-sow-editor so-widget-sow-editor-base\"\n\t\t\t\n\t\t>\n<div class=\"siteorigin-widget-tinymce textwidget\">\n\t<p><iframe loading=\"lazy\" style=\"border: 0;\" src=\"https:\/\/www.google.com\/maps\/embed?pb=!1m14!1m8!1m3!1d11092.9987228855!2d2.908082!3d45.9662724!3m2!1i1024!2i768!4f13.1!3m3!1m2!1s0x0%3A0x2dba9b7e1027ec91!2sAuthentique+Kobido+massage+japonais+du+visage+en+Auvergne+63+-+Laure+Massages+Bien-Etre!5e0!3m2!1sfr!2sfr!4v1548873596213\" width=\"600\" height=\"450\" frameborder=\"0\" allowfullscreen=\"allowfullscreen\"><\/iframe><\/p>\n<\/div>\n<\/div><\/div><\/div><div id=\"pgc-140-5-1\"  class=\"panel-grid-cell\" ><div id=\"panel-140-5-1-0\" class=\"so-panel widget widget_sow-editor panel-first-child panel-last-child\" data-index=\"11\" ><div\n\t\t\t\n\t\t\tclass=\"so-widget-sow-editor so-widget-sow-editor-base\"\n\t\t\t\n\t\t>\n<div class=\"siteorigin-widget-tinymce textwidget\">\n\t<p><iframe loading=\"lazy\" style=\"border: 0;\" tabindex=\"0\" src=\"https:\/\/www.google.com\/maps\/embed?pb=!1m18!1m12!1m3!1d2775.563189901609!2d3.061362015572782!3d45.92004247910894!2m3!1f0!2f0!3f0!3m2!1i1024!2i768!4f13.1!3m3!1m2!1s0x47f72313551c585d%3A0x2f685fb78cea2265!2s7%20Place%20Brosson%2C%2063140%20Ch%C3%A2tel-Guyon!5e0!3m2!1sfr!2sfr!4v1594298013465!5m2!1sfr!2sfr\" width=\"600\" height=\"450\" frameborder=\"0\" allowfullscreen=\"allowfullscreen\" aria-hidden=\"false\"><\/iframe><\/p>\n<\/div>\n<\/div><\/div><\/div><div id=\"pgc-140-5-2\"  class=\"panel-grid-cell\" ><div id=\"panel-140-5-2-0\" class=\"so-panel widget widget_sow-editor panel-first-child panel-last-child\" data-index=\"12\" ><div\n\t\t\t\n\t\t\tclass=\"so-widget-sow-editor so-widget-sow-editor-base\"\n\t\t\t\n\t\t>\n<div class=\"siteorigin-widget-tinymce textwidget\">\n\t<p><iframe loading=\"lazy\" src=\"https:\/\/www.google.com\/maps\/embed?pb=!1m18!1m12!1m3!1d2613.618319635811!2d2.1683133158781076!3d49.074889393392056!2m3!1f0!2f0!3f0!3m2!1i1024!2i768!4f13.1!3m3!1m2!1s0x47e65eeeffc3a1eb%3A0xdb46c065b1134a1f!2sRue+Daubigny%2C+95430+Auvers-sur-Oise!5e0!3m2!1sfr!2sfr!4v1548413312358\" width=\"600\" height=\"450\" frameborder=\"0\" style=\"border:0\" allowfullscreen><\/iframe><\/p>\n<\/div>\n<\/div><\/div><\/div><\/div><div id=\"pg-140-6\"  class=\"panel-grid panel-no-style\" ><div id=\"pgc-140-6-0\"  class=\"panel-grid-cell\" ><div id=\"panel-140-6-0-0\" class=\"so-panel widget widget_sow-editor panel-first-child panel-last-child\" data-index=\"13\" ><div\n\t\t\t\n\t\t\tclass=\"so-widget-sow-editor so-widget-sow-editor-base\"\n\t\t\t\n\t\t><h3 class=\"widget-title\">Pour des s\u00e9ances, \u00e9v\u00e9nements,\u00a0 bilans \u00e9nerg\u00e9tiques LVA \u00e0 domicile, et pour tout renseignement compl\u00e9mentaire, me contacter .<\/h3>\n<div class=\"siteorigin-widget-tinymce textwidget\">\n\t<\/div>\n<\/div><\/div><\/div><\/div><div id=\"pg-140-7\"  class=\"panel-grid panel-no-style\" ><div id=\"pgc-140-7-0\"  class=\"panel-grid-cell\" ><div id=\"panel-140-7-0-0\" class=\"so-panel widget widget_sow-button panel-first-child panel-last-child\" data-index=\"14\" ><div\n\t\t\t\n\t\t\tclass=\"so-widget-sow-button so-widget-sow-button-atom-2de30a4547c3-140\"\n\t\t\t\n\t\t><div class=\"ow-button-base ow-button-align-center\"\n>\n\t\t\t<a\n\t\t\t\t\thref=\"https:\/\/www.facebook.com\/kobidolauremassages\"\n\t\t\t\t\tclass=\"sowb-button ow-icon-placement-left\" target=\"_blank\" rel=\"noopener noreferrer\" \t>\n\t\t<span>\n\t\t\t<span class=\"sow-icon-fontawesome sow-fas\" data-sow-icon=\"&#xf082;\"\n\t\tstyle=\"color: #751a27\" \n\t\taria-hidden=\"true\"><\/span>\n\t\t\tkobidolauremassages\t\t<\/span>\n\t\t\t<\/a>\n\t<\/div>\n<\/div><\/div><\/div><div id=\"pgc-140-7-1\"  class=\"panel-grid-cell\" ><div id=\"panel-140-7-1-0\" class=\"so-panel widget widget_sow-button panel-first-child panel-last-child\" data-index=\"15\" ><div\n\t\t\t\n\t\t\tclass=\"so-widget-sow-button so-widget-sow-button-atom-2de30a4547c3-140\"\n\t\t\t\n\t\t><div class=\"ow-button-base ow-button-align-center\"\n>\n\t\t\t<a\n\t\t\t\tclass=\"sowb-button ow-icon-placement-left\" onclick=\"\"\t>\n\t\t<span>\n\t\t\t<span class=\"sow-icon-fontawesome sow-fas\" data-sow-icon=\"&#xf095;\"\n\t\tstyle=\"color: #000000\" \n\t\taria-hidden=\"true\"><\/span>\n\t\t\t06 63 01 29 94 \t\t<\/span>\n\t\t\t<\/a>\n\t<\/div>\n<\/div><\/div><\/div><div id=\"pgc-140-7-2\"  class=\"panel-grid-cell\" ><div id=\"panel-140-7-2-0\" class=\"so-panel widget widget_sow-button panel-first-child panel-last-child\" data-index=\"16\" ><div\n\t\t\t\n\t\t\tclass=\"so-widget-sow-button so-widget-sow-button-atom-2de30a4547c3-140\"\n\t\t\t\n\t\t><div class=\"ow-button-base ow-button-align-center\"\n>\n\t\t\t<a\n\t\t\t\tclass=\"sowb-button ow-icon-placement-left\" \t>\n\t\t<span>\n\t\t\t<span class=\"sow-icon-fontawesome sow-far\" data-sow-icon=\"&#xf0e0;\"\n\t\tstyle=\"color: #000000\" \n\t\taria-hidden=\"true\"><\/span>\n\t\t\tlaure.lioty@outlook.fr\t\t<\/span>\n\t\t\t<\/a>\n\t<\/div>\n<\/div><\/div><\/div><\/div><\/div>","protected":false},"excerpt":{"rendered":"<p>Laure vous re\u00e7ois\u00a0 uniquement sur rendez-vous\u00a0 pris ou confirm\u00e9 par t\u00e9l\u00e9phone au<\/p>\n","protected":false},"author":1,"featured_media":0,"parent":0,"menu_order":0,"comment_status":"closed","ping_status":"closed","template":"","meta":{"footnotes":""},"class_list":["post-140","page","type-page","status-publish","hentry"],"aioseo_notices":[],"_links":{"self":[{"href":"https:\/\/www.kobido-laure-massages.fr\/index.php\/wp-json\/wp\/v2\/pages\/140","targetHints":{"allow":["GET"]}}],"collection":[{"href":"https:\/\/www.kobido-laure-massages.fr\/index.php\/wp-json\/wp\/v2\/pages"}],"about":[{"href":"https:\/\/www.kobido-laure-massages.fr\/index.php\/wp-json\/wp\/v2\/types\/page"}],"author":[{"embeddable":true,"href":"https:\/\/www.kobido-laure-massages.fr\/index.php\/wp-json\/wp\/v2\/users\/1"}],"replies":[{"embeddable":true,"href":"https:\/\/www.kobido-laure-massages.fr\/index.php\/wp-json\/wp\/v2\/comments?post=140"}],"version-history":[{"count":60,"href":"https:\/\/www.kobido-laure-massages.fr\/index.php\/wp-json\/wp\/v2\/pages\/140\/revisions"}],"predecessor-version":[{"id":1386,"href":"https:\/\/www.kobido-laure-massages.fr\/index.php\/wp-json\/wp\/v2\/pages\/140\/revisions\/1386"}],"wp:attachment":[{"href":"https:\/\/www.kobido-laure-massages.fr\/index.php\/wp-json\/wp\/v2\/media?parent=140"}],"curies":[{"name":"wp","href":"https:\/\/api.w.org\/{rel}","templated":true}]}}