{"id":1453,"date":"2024-01-07T20:13:49","date_gmt":"2024-01-07T19:13:49","guid":{"rendered":"http:\/\/www.kobido-laure-massages.fr\/?page_id=1453"},"modified":"2024-07-10T01:29:17","modified_gmt":"2024-07-09T23:29:17","slug":"therapies-energetiques-et-quantiques","status":"publish","type":"page","link":"https:\/\/www.kobido-laure-massages.fr\/index.php\/therapies-energetiques-et-quantiques\/","title":{"rendered":"THERAPIES ENERGETIQUES ET QUANTIQUES"},"content":{"rendered":"<div id=\"pl-1453\"  class=\"panel-layout\" ><div id=\"pg-1453-0\"  class=\"panel-grid panel-no-style\" ><div id=\"pgc-1453-0-0\"  class=\"panel-grid-cell\" ><div id=\"panel-1453-0-0-0\" class=\"so-panel widget widget_sow-editor panel-first-child\" data-index=\"0\" ><div\n\t\t\t\n\t\t\tclass=\"so-widget-sow-editor so-widget-sow-editor-base\"\n\t\t\t\n\t\t>\n<div class=\"siteorigin-widget-tinymce textwidget\">\n\t<h3>HYPNOSE REGRESSIVE QUANTIQUE QHHT<\/h3>\n<h3>\u00a0\u00a0M\u00e9thode Dolores Cannon<\/h3>\n<\/div>\n<\/div><\/div><div id=\"panel-1453-0-0-1\" class=\"so-panel widget widget_media_image panel-last-child\" data-index=\"1\" ><h3 class=\"widget-title\">partez \u00e0 la d\u00e9couverte de votre multidimentionalit\u00e9 pour retrouver votre plein potentiel au travers d&rsquo;une s\u00e9ance d&rsquo;hypnose QHHT<\/h3><img loading=\"lazy\" decoding=\"async\" width=\"300\" height=\"187\" src=\"https:\/\/www.kobido-laure-massages.fr\/wp-content\/uploads\/2024\/01\/QHHT_02-300x187.jpg\" class=\"image wp-image-1507  attachment-medium size-medium\" alt=\"\" style=\"max-width: 100%; height: auto;\" srcset=\"https:\/\/www.kobido-laure-massages.fr\/wp-content\/uploads\/2024\/01\/QHHT_02-300x187.jpg 300w, https:\/\/www.kobido-laure-massages.fr\/wp-content\/uploads\/2024\/01\/QHHT_02-768x479.jpg 768w, https:\/\/www.kobido-laure-massages.fr\/wp-content\/uploads\/2024\/01\/QHHT_02-1024x639.jpg 1024w, https:\/\/www.kobido-laure-massages.fr\/wp-content\/uploads\/2024\/01\/QHHT_02-520x324.jpg 520w, https:\/\/www.kobido-laure-massages.fr\/wp-content\/uploads\/2024\/01\/QHHT_02-740x462.jpg 740w\" sizes=\"auto, (max-width: 300px) 100vw, 300px\" \/><\/div><\/div><div id=\"pgc-1453-0-1\"  class=\"panel-grid-cell\" ><div id=\"panel-1453-0-1-0\" class=\"so-panel widget widget_sow-editor panel-first-child\" data-index=\"2\" ><div\n\t\t\t\n\t\t\tclass=\"so-widget-sow-editor so-widget-sow-editor-base\"\n\t\t\t\n\t\t>\n<div class=\"siteorigin-widget-tinymce textwidget\">\n\t<h3>EMDR<\/h3>\n<h3>d\u00e9sensibilisation et retraitement des traumas par les mouvements occulaires<\/h3>\n<\/div>\n<\/div><\/div><div id=\"panel-1453-0-1-1\" class=\"so-panel widget widget_sow-editor panel-last-child\" data-index=\"3\" ><div\n\t\t\t\n\t\t\tclass=\"so-widget-sow-editor so-widget-sow-editor-base\"\n\t\t\t\n\t\t>\n<div class=\"siteorigin-widget-tinymce textwidget\">\n\t<p><span style=\"color: #800000;\"><strong>dur\u00e9e des s\u00e9ances 1h \u00e0 1h30<\/strong><\/span><\/p>\n<p><span style=\"color: #800000;\"><strong>premi\u00e8re s\u00e9ance d'entretien 80\u20ac<\/strong><\/span><\/p>\n<p><span style=\"color: #800000;\"><strong> (si double s\u00e9ance 120\u20ac ou dur\u00e9e plus longue)\u00a0<\/strong><\/span><\/p>\n<p><span style=\"color: #800000;\"><strong>s\u00e9ances suivantes 80 \u20ac la s\u00e9ance<\/strong><\/span><\/p>\n<p><img loading=\"lazy\" decoding=\"async\" class=\"alignnone size-large wp-image-1467\" src=\"http:\/\/www.kobido-laure-massages.fr\/wp-content\/uploads\/2023\/12\/QHHT_01-1024x608.jpg\" alt=\"\" width=\"1024\" height=\"608\" srcset=\"https:\/\/www.kobido-laure-massages.fr\/wp-content\/uploads\/2023\/12\/QHHT_01-1024x608.jpg 1024w, https:\/\/www.kobido-laure-massages.fr\/wp-content\/uploads\/2023\/12\/QHHT_01-300x178.jpg 300w, https:\/\/www.kobido-laure-massages.fr\/wp-content\/uploads\/2023\/12\/QHHT_01-768x456.jpg 768w, https:\/\/www.kobido-laure-massages.fr\/wp-content\/uploads\/2023\/12\/QHHT_01-520x309.jpg 520w, https:\/\/www.kobido-laure-massages.fr\/wp-content\/uploads\/2023\/12\/QHHT_01-740x440.jpg 740w\" sizes=\"auto, (max-width: 1024px) 100vw, 1024px\" \/><\/p>\n<\/div>\n<\/div><\/div><\/div><div id=\"pgc-1453-0-2\"  class=\"panel-grid-cell\" ><div id=\"panel-1453-0-2-0\" class=\"so-panel widget widget_sow-editor panel-first-child\" data-index=\"4\" ><div\n\t\t\t\n\t\t\tclass=\"so-widget-sow-editor so-widget-sow-editor-base\"\n\t\t\t\n\t\t>\n<div class=\"siteorigin-widget-tinymce textwidget\">\n\t<h3>CONSTELLATIONS FAMILIALES ET SYSTEMIQUES<\/h3>\n<\/div>\n<\/div><\/div><div id=\"panel-1453-0-2-1\" class=\"so-panel widget widget_media_image panel-last-child\" data-index=\"5\" ><img loading=\"lazy\" decoding=\"async\" width=\"225\" height=\"300\" src=\"https:\/\/www.kobido-laure-massages.fr\/wp-content\/uploads\/2023\/12\/IMG_20230505_133649-225x300.jpg\" class=\"image wp-image-1464  attachment-medium size-medium\" alt=\"\" style=\"max-width: 100%; height: auto;\" srcset=\"https:\/\/www.kobido-laure-massages.fr\/wp-content\/uploads\/2023\/12\/IMG_20230505_133649-225x300.jpg 225w, https:\/\/www.kobido-laure-massages.fr\/wp-content\/uploads\/2023\/12\/IMG_20230505_133649-768x1024.jpg 768w, https:\/\/www.kobido-laure-massages.fr\/wp-content\/uploads\/2023\/12\/IMG_20230505_133649-520x693.jpg 520w, https:\/\/www.kobido-laure-massages.fr\/wp-content\/uploads\/2023\/12\/IMG_20230505_133649-740x987.jpg 740w\" sizes=\"auto, (max-width: 225px) 100vw, 225px\" \/><\/div><\/div><\/div><div id=\"pg-1453-1\"  class=\"panel-grid panel-no-style\" ><div id=\"pgc-1453-1-0\"  class=\"panel-grid-cell\" ><div id=\"panel-1453-1-0-0\" class=\"so-panel widget widget_media_image panel-first-child\" data-index=\"6\" ><h3 class=\"widget-title\">Laure est praticienne certifi\u00e9e de niveau 2 de l&rsquo;\u00e9cole de Dolores Cannon<\/h3><img loading=\"lazy\" decoding=\"async\" width=\"300\" height=\"92\" src=\"https:\/\/www.kobido-laure-massages.fr\/wp-content\/uploads\/2023\/12\/Screen-Shot-05-05-23-at-10.57-AM-300x92.jpg\" class=\"image wp-image-1466  attachment-medium size-medium\" alt=\"\" style=\"max-width: 100%; height: auto;\" srcset=\"https:\/\/www.kobido-laure-massages.fr\/wp-content\/uploads\/2023\/12\/Screen-Shot-05-05-23-at-10.57-AM-300x92.jpg 300w, https:\/\/www.kobido-laure-massages.fr\/wp-content\/uploads\/2023\/12\/Screen-Shot-05-05-23-at-10.57-AM.jpg 445w\" sizes=\"auto, (max-width: 300px) 100vw, 300px\" \/><\/div><div id=\"panel-1453-1-0-1\" class=\"so-panel widget widget_sow-editor panel-last-child\" data-index=\"7\" ><div\n\t\t\t\n\t\t\tclass=\"so-widget-sow-editor so-widget-sow-editor-base\"\n\t\t\t\n\t\t>\n<div class=\"siteorigin-widget-tinymce textwidget\">\n\t<p><span style=\"color: #008080;\"><strong>s\u00e9ance de 5 heures environ<\/strong><\/span><\/p>\n<p><span style=\"color: #008080;\"><strong>pr\u00e9voir une demi journ\u00e9e disponible et toutes les questions que vous voulez poser<\/strong><\/span><\/p>\n<p><span style=\"color: #008080;\"><strong>un enregistrement de votre s\u00e9ance vous sera remis \u00e0 la fin<\/strong><\/span><\/p>\n<p><span style=\"color: #008080;\"><strong>250\u20ac la s\u00e9ance<\/strong><\/span><\/p>\n<\/div>\n<\/div><\/div><\/div><div id=\"pgc-1453-1-1\"  class=\"panel-grid-cell\" ><div id=\"panel-1453-1-1-0\" class=\"so-panel widget widget_media_image panel-first-child panel-last-child\" data-index=\"8\" ><h3 class=\"widget-title\">Laure et Marc vous proposent un bilan fonctionnel So Check<\/h3><figure style=\"width: 210px\" class=\"wp-caption alignnone\"><img loading=\"lazy\" decoding=\"async\" width=\"210\" height=\"300\" src=\"https:\/\/www.kobido-laure-massages.fr\/wp-content\/uploads\/2024\/01\/Resized_AffichSOcheck-210x300.jpg\" class=\"image wp-image-1515  attachment-medium size-medium\" alt=\"\" style=\"max-width: 100%; height: auto;\" srcset=\"https:\/\/www.kobido-laure-massages.fr\/wp-content\/uploads\/2024\/01\/Resized_AffichSOcheck-210x300.jpg 210w, https:\/\/www.kobido-laure-massages.fr\/wp-content\/uploads\/2024\/01\/Resized_AffichSOcheck-716x1024.jpg 716w, https:\/\/www.kobido-laure-massages.fr\/wp-content\/uploads\/2024\/01\/Resized_AffichSOcheck-520x744.jpg 520w, https:\/\/www.kobido-laure-massages.fr\/wp-content\/uploads\/2024\/01\/Resized_AffichSOcheck-740x1059.jpg 740w, https:\/\/www.kobido-laure-massages.fr\/wp-content\/uploads\/2024\/01\/Resized_AffichSOcheck.jpg 755w\" sizes=\"auto, (max-width: 210px) 100vw, 210px\" \/><figcaption class=\"wp-caption-text\">simple, rapide et indolore, un bilan d\u00e9taill\u00e9 disponible de suite et des conseils personnalis\u00e9s pour faire le plein d'\u00e9nergie!<\/figcaption><\/figure><\/div><\/div><div id=\"pgc-1453-1-2\"  class=\"panel-grid-cell\" ><div id=\"panel-1453-1-2-0\" class=\"so-panel widget widget_media_image panel-first-child\" data-index=\"9\" ><figure style=\"width: 225px\" class=\"wp-caption alignnone\"><img loading=\"lazy\" decoding=\"async\" width=\"225\" height=\"300\" src=\"https:\/\/www.kobido-laure-massages.fr\/wp-content\/uploads\/2023\/12\/IMG_20230505_133612-225x300.jpg\" class=\"image wp-image-1465  attachment-medium size-medium\" alt=\"\" style=\"max-width: 100%; height: auto;\" srcset=\"https:\/\/www.kobido-laure-massages.fr\/wp-content\/uploads\/2023\/12\/IMG_20230505_133612-225x300.jpg 225w, https:\/\/www.kobido-laure-massages.fr\/wp-content\/uploads\/2023\/12\/IMG_20230505_133612-768x1024.jpg 768w, https:\/\/www.kobido-laure-massages.fr\/wp-content\/uploads\/2023\/12\/IMG_20230505_133612-520x693.jpg 520w, https:\/\/www.kobido-laure-massages.fr\/wp-content\/uploads\/2023\/12\/IMG_20230505_133612-740x987.jpg 740w\" sizes=\"auto, (max-width: 225px) 100vw, 225px\" \/><figcaption class=\"wp-caption-text\">s\u00e9ances individuelles et ateliers en groupe<\/figcaption><\/figure><\/div><div id=\"panel-1453-1-2-1\" class=\"so-panel widget widget_sow-editor panel-last-child\" data-index=\"10\" ><div\n\t\t\t\n\t\t\tclass=\"so-widget-sow-editor so-widget-sow-editor-base\"\n\t\t\t\n\t\t>\n<div class=\"siteorigin-widget-tinymce textwidget\">\n\t<p><span style=\"color: #333333;\"><strong>80\u20ac la s\u00e9ance individuelle<\/strong><\/span><\/p>\n<p><span style=\"color: #333333;\"><strong>journ\u00e9e en groupe 80\u20ac par personne<\/strong><\/span><\/p>\n<\/div>\n<\/div><\/div><\/div><\/div><div id=\"pg-1453-2\"  class=\"panel-grid panel-no-style\" ><div id=\"pgc-1453-2-0\"  class=\"panel-grid-cell panel-grid-cell-empty\" ><\/div><div id=\"pgc-1453-2-1\"  class=\"panel-grid-cell panel-grid-cell-empty panel-grid-cell-mobile-last\" ><\/div><div id=\"pgc-1453-2-2\"  class=\"panel-grid-cell panel-grid-cell-empty\" ><\/div><\/div><\/div>","protected":false},"excerpt":{"rendered":"<p>HYPNOSE REGRESSIVE QUANTIQUE QHHT \u00a0\u00a0M\u00e9thode Dolores Cannon EMDR d\u00e9sensibilisation et retraitement des traumas par les mouvements occulaires dur\u00e9e des s\u00e9ances 1h \u00e0 1h30 premi\u00e8re s\u00e9ance d&rsquo;entretien 80\u20ac (si double s\u00e9ance 120\u20ac ou dur\u00e9e plus longue)\u00a0<a class=\"read-more\" href=\"https:\/\/www.kobido-laure-massages.fr\/index.php\/therapies-energetiques-et-quantiques\/\">Continue reading<\/a><\/p>\n","protected":false},"author":1,"featured_media":0,"parent":0,"menu_order":0,"comment_status":"closed","ping_status":"closed","template":"","meta":{"footnotes":""},"class_list":["post-1453","page","type-page","status-publish","hentry"],"aioseo_notices":[],"_links":{"self":[{"href":"https:\/\/www.kobido-laure-massages.fr\/index.php\/wp-json\/wp\/v2\/pages\/1453","targetHints":{"allow":["GET"]}}],"collection":[{"href":"https:\/\/www.kobido-laure-massages.fr\/index.php\/wp-json\/wp\/v2\/pages"}],"about":[{"href":"https:\/\/www.kobido-laure-massages.fr\/index.php\/wp-json\/wp\/v2\/types\/page"}],"author":[{"embeddable":true,"href":"https:\/\/www.kobido-laure-massages.fr\/index.php\/wp-json\/wp\/v2\/users\/1"}],"replies":[{"embeddable":true,"href":"https:\/\/www.kobido-laure-massages.fr\/index.php\/wp-json\/wp\/v2\/comments?post=1453"}],"version-history":[{"count":47,"href":"https:\/\/www.kobido-laure-massages.fr\/index.php\/wp-json\/wp\/v2\/pages\/1453\/revisions"}],"predecessor-version":[{"id":1570,"href":"https:\/\/www.kobido-laure-massages.fr\/index.php\/wp-json\/wp\/v2\/pages\/1453\/revisions\/1570"}],"wp:attachment":[{"href":"https:\/\/www.kobido-laure-massages.fr\/index.php\/wp-json\/wp\/v2\/media?parent=1453"}],"curies":[{"name":"wp","href":"https:\/\/api.w.org\/{rel}","templated":true}]}}