{"id":226,"date":"2018-10-25T15:24:28","date_gmt":"2018-10-25T13:24:28","guid":{"rendered":"http:\/\/www.kobido-laure-massages.fr\/?page_id=226"},"modified":"2023-12-19T23:40:37","modified_gmt":"2023-12-19T22:40:37","slug":"bien-etre-du-monde-energetique","status":"publish","type":"page","link":"https:\/\/www.kobido-laure-massages.fr\/index.php\/nos-massages\/bien-etre-du-monde-energetique\/","title":{"rendered":"MASSAGES DU CORPS &#8211; Bien-Etre &#8211; Du Monde &#8211; \u00c9nerg\u00e9tique"},"content":{"rendered":"<div id=\"pl-226\"  class=\"panel-layout\" ><div id=\"pg-226-0\"  class=\"panel-grid panel-no-style\" ><div id=\"pgc-226-0-0\"  class=\"panel-grid-cell\" ><div id=\"panel-226-0-0-0\" class=\"so-panel widget widget_sow-editor panel-first-child panel-last-child\" data-index=\"0\" ><div\n\t\t\t\n\t\t\tclass=\"so-widget-sow-editor so-widget-sow-editor-base\"\n\t\t\t\n\t\t>\n<div class=\"siteorigin-widget-tinymce textwidget\">\n\t<p style=\"text-align: center;\">__________________________________________________________________________________________________________________________________<\/p>\n<\/div>\n<\/div><\/div><\/div><\/div><div id=\"pg-226-1\"  class=\"panel-grid panel-no-style\" ><div id=\"pgc-226-1-0\"  class=\"panel-grid-cell\" ><div id=\"panel-226-1-0-0\" class=\"so-panel widget widget_sow-editor panel-first-child panel-last-child\" data-index=\"1\" ><div\n\t\t\t\n\t\t\tclass=\"so-widget-sow-editor so-widget-sow-editor-base\"\n\t\t\t\n\t\t><h3 class=\"widget-title\">MASSAGE \"A L'ORIGINE\"- Personnalis\u00e9<\/h3>\n<div class=\"siteorigin-widget-tinymce textwidget\">\n\t<h4>Massage personnalis\u00e9 unique et selon vos besoins<\/h4>\n<p>Ce massage \"Signature\" \u00e9volue en ad\u00e9quation avec votre \u00e9tat du moment pour r\u00e9pondre \u00e0 vos besoins!<br \/>\nLes mouvements sont inspir\u00e9s de mon parcours de formation sur diff\u00e9rentes techniques et varient entre toucher profond, pour d\u00e9nouer les tensions musculaires, relaxant anti-stress, harmonisant \u00e9nerg\u00e9tique, mobilisations...<\/p>\n<p>Un soin qui vous accompagnera dans votre \u00e9volution personnelle, combinable avec un bilan \u00e9nerg\u00e9tique LVA et ses fr\u00e9quences correctrices pour soutenir l'\u00e9nergie du changement!<\/p>\n<\/div>\n<\/div><\/div><\/div><div id=\"pgc-226-1-1\"  class=\"panel-grid-cell\" ><div id=\"panel-226-1-1-0\" class=\"so-panel widget widget_media_image panel-first-child panel-last-child\" data-index=\"2\" ><img loading=\"lazy\" decoding=\"async\" width=\"837\" height=\"541\" src=\"https:\/\/www.kobido-laure-massages.fr\/wp-content\/uploads\/2019\/08\/SIGNATURE-ALOR-auror2.jpg\" class=\"image wp-image-1007  attachment-full size-full\" alt=\"massage signature\" style=\"max-width: 100%; height: auto;\" srcset=\"https:\/\/www.kobido-laure-massages.fr\/wp-content\/uploads\/2019\/08\/SIGNATURE-ALOR-auror2.jpg 837w, https:\/\/www.kobido-laure-massages.fr\/wp-content\/uploads\/2019\/08\/SIGNATURE-ALOR-auror2-300x194.jpg 300w, https:\/\/www.kobido-laure-massages.fr\/wp-content\/uploads\/2019\/08\/SIGNATURE-ALOR-auror2-768x496.jpg 768w, https:\/\/www.kobido-laure-massages.fr\/wp-content\/uploads\/2019\/08\/SIGNATURE-ALOR-auror2-520x336.jpg 520w, https:\/\/www.kobido-laure-massages.fr\/wp-content\/uploads\/2019\/08\/SIGNATURE-ALOR-auror2-740x478.jpg 740w\" sizes=\"auto, (max-width: 837px) 100vw, 837px\" \/><\/div><\/div><div id=\"pgc-226-1-2\"  class=\"panel-grid-cell\" ><div id=\"panel-226-1-2-0\" class=\"so-panel widget widget_sow-editor panel-first-child panel-last-child\" data-index=\"3\" ><div\n\t\t\t\n\t\t\tclass=\"so-widget-sow-editor so-widget-sow-editor-base\"\n\t\t\t\n\t\t><h3 class=\"widget-title\">Dur\u00e9e du massage : 60 mn ou 90 mn<\/h3>\n<div class=\"siteorigin-widget-tinymce textwidget\">\n\t<p>massage sur table, \u00e0 l'huile v\u00e9g\u00e9tale bio et huiles essentielles , choisie par vous au d\u00e9but du soin<\/p>\n<blockquote>\n<p><span style=\"color: #333333;\">80\u20ac la s\u00e9ance, 60 mn de massage<\/span><\/p>\n<p><span style=\"color: #333333;\">110\u20ac la s\u00e9ance, 90 mn de massage<\/span><\/p>\n<p>&nbsp;<\/p>\n<\/blockquote>\n<\/div>\n<\/div><\/div><\/div><\/div><div id=\"pg-226-2\"  class=\"panel-grid panel-no-style\" ><div id=\"pgc-226-2-0\"  class=\"panel-grid-cell\" ><div id=\"panel-226-2-0-0\" class=\"so-panel widget widget_sow-editor panel-first-child panel-last-child\" data-index=\"4\" ><div\n\t\t\t\n\t\t\tclass=\"so-widget-sow-editor so-widget-sow-editor-base\"\n\t\t\t\n\t\t><h3 class=\"widget-title\">MASSAGE CALIFORNIEN - Apaisant<\/h3>\n<div class=\"siteorigin-widget-tinymce textwidget\">\n\t<h2><\/h2>\n<p>Massage de relaxation par excellence, de grands effleurages\u00a0 fluides, doux et enveloppantes qui permettent un l\u00e2cher prise du corps et de l'esprit tout en douceur.<\/p>\n<p>Id\u00e9al pour une premi\u00e8re exp\u00e9rience du massage!<\/p>\n<p>&nbsp;<\/p>\n<p>&nbsp;<\/p>\n<\/div>\n<\/div><\/div><\/div><div id=\"pgc-226-2-1\"  class=\"panel-grid-cell\" ><div id=\"panel-226-2-1-0\" class=\"so-panel widget widget_media_image panel-first-child panel-last-child\" data-index=\"5\" ><img loading=\"lazy\" decoding=\"async\" width=\"300\" height=\"225\" src=\"https:\/\/www.kobido-laure-massages.fr\/wp-content\/uploads\/2019\/01\/044182-300x225.jpg\" class=\"image wp-image-291  attachment-medium size-medium\" alt=\"\" style=\"max-width: 100%; height: auto;\" srcset=\"https:\/\/www.kobido-laure-massages.fr\/wp-content\/uploads\/2019\/01\/044182-300x225.jpg 300w, https:\/\/www.kobido-laure-massages.fr\/wp-content\/uploads\/2019\/01\/044182-768x576.jpg 768w, https:\/\/www.kobido-laure-massages.fr\/wp-content\/uploads\/2019\/01\/044182-1024x768.jpg 1024w, https:\/\/www.kobido-laure-massages.fr\/wp-content\/uploads\/2019\/01\/044182-520x390.jpg 520w, https:\/\/www.kobido-laure-massages.fr\/wp-content\/uploads\/2019\/01\/044182-740x555.jpg 740w\" sizes=\"auto, (max-width: 300px) 100vw, 300px\" \/><\/div><\/div><div id=\"pgc-226-2-2\"  class=\"panel-grid-cell\" ><div id=\"panel-226-2-2-0\" class=\"so-panel widget widget_sow-editor panel-first-child panel-last-child\" data-index=\"6\" ><div\n\t\t\t\n\t\t\tclass=\"so-widget-sow-editor so-widget-sow-editor-base\"\n\t\t\t\n\t\t><h3 class=\"widget-title\">Dur\u00e9e du massage : 60 mn  ou 90 mn<\/h3>\n<div class=\"siteorigin-widget-tinymce textwidget\">\n\t<p>massage sur table \u00e0 l'huile v\u00e9g\u00e9tale bio et huiles essentielles<\/p>\n<blockquote>\n<p><span style=\"color: #333333;\">80 \u20ac la s\u00e9ance,\u00a0 60 mn de massage<\/span><br \/>\n<span style=\"color: #333333;\">110 \u20ac la s\u00e9ance , 90 mn de massage<\/span><\/p>\n<\/blockquote>\n<\/div>\n<\/div><\/div><\/div><\/div><div id=\"pg-226-3\"  class=\"panel-grid panel-no-style\" ><div id=\"pgc-226-3-0\"  class=\"panel-grid-cell\" ><div id=\"panel-226-3-0-0\" class=\"so-panel widget widget_sow-editor panel-first-child panel-last-child\" data-index=\"7\" ><div\n\t\t\t\n\t\t\tclass=\"so-widget-sow-editor so-widget-sow-editor-base\"\n\t\t\t\n\t\t><h3 class=\"widget-title\">MASSAGE SUEDOIS - Musculaire<\/h3>\n<div class=\"siteorigin-widget-tinymce textwidget\">\n\t<p>Ce massage d'origine europ\u00e9enne permet un travail musculaire (de l\u00e9ger \u00e0 profond) adapt\u00e9 aux besoins de chacun,r\u00e9duisant ainsi tensions et courbatures de mani\u00e8re significative.<\/p>\n<p>Ami des sportifs, des dos fatigu\u00e9s, des jambes sollicit\u00e9es, son effet \u00e0 la fois tonifiant et relaxant favorise la circulation sanguine et l'\u00e9limination des toxines.<\/p>\n<p>&nbsp;<\/p>\n<\/div>\n<\/div><\/div><\/div><div id=\"pgc-226-3-1\"  class=\"panel-grid-cell\" ><div id=\"panel-226-3-1-0\" class=\"so-panel widget widget_media_image panel-first-child panel-last-child\" data-index=\"8\" ><img loading=\"lazy\" decoding=\"async\" width=\"297\" height=\"169\" src=\"https:\/\/www.kobido-laure-massages.fr\/wp-content\/uploads\/2018\/12\/t\u00e9l\u00e9chargement-1.jpg\" class=\"image wp-image-263  attachment-full size-full\" alt=\"\" style=\"max-width: 100%; height: auto;\" \/><\/div><\/div><div id=\"pgc-226-3-2\"  class=\"panel-grid-cell\" ><div id=\"panel-226-3-2-0\" class=\"so-panel widget widget_sow-editor panel-first-child panel-last-child\" data-index=\"9\" ><div\n\t\t\t\n\t\t\tclass=\"so-widget-sow-editor so-widget-sow-editor-base\"\n\t\t\t\n\t\t><h3 class=\"widget-title\">Dur\u00e9e du massage : 60 mn  ou 90 mn<\/h3>\n<div class=\"siteorigin-widget-tinymce textwidget\">\n\t<p>massage sur table \u00e0 l'huile v\u00e9g\u00e9tale bio et huiles essentielles<\/p>\n<blockquote>\n<p><span style=\"color: #333333;\">80 \u20ac la s\u00e9ance,\u00a0 60 mn de massage<\/span><br \/>\n<span style=\"color: #333333;\">110 \u20ac la s\u00e9ance , 90 mn de massage<\/span><\/p>\n<\/blockquote>\n<\/div>\n<\/div><\/div><\/div><\/div><div id=\"pg-226-4\"  class=\"panel-grid panel-no-style\" ><div id=\"pgc-226-4-0\"  class=\"panel-grid-cell\" ><div id=\"panel-226-4-0-0\" class=\"so-panel widget widget_sow-editor panel-first-child panel-last-child\" data-index=\"10\" ><div\n\t\t\t\n\t\t\tclass=\"so-widget-sow-editor so-widget-sow-editor-base\"\n\t\t\t\n\t\t><h3 class=\"widget-title\">MASSAGE LEMNISCATE - Energ\u00e9tique<\/h3>\n<div class=\"siteorigin-widget-tinymce textwidget\">\n\t<h4>Symbole de l'infini, toucher \u00e9nerg\u00e9tique et mouvement rythmique...<\/h4>\n<p>Tout est double et poss\u00e8de des p\u00f4les, tout a deux extr\u00eames, la\u00a0<em>lemniscate<\/em>\u00a0est un pont pour relier ces p\u00f4les des deux extr\u00eames sur tous les plans: physiologiques, \u00e9nerg\u00e9tique...<\/p>\n<p>Le 8 et la polarit\u00e9 sont des cl\u00e9s dans les pratiques \u00e9nerg\u00e9tiques corporelles.<\/p>\n<p>Mouvement de l'\u00e9nergie, forme h\u00e9lico\u00efdale de l'ADN, selon l'intention et le rythme de la gestuelle ce massage codifi\u00e9 permet de r\u00e9\u00e9quilibrer le flux d'\u00e9nergie du corps humain.<\/p>\n<p>Progressivement, les mouvements du massage sur une base de 8\u00a0 laissent la place \u00e0 des codes gestuels beaucoup plus complexes, rappels de g\u00e9om\u00e9trie sacr\u00e9e de nombreuses traditions... ces repr\u00e9sentations ayant une r\u00e9sonance intime avec notre corps physique et \u00e9nerg\u00e9tique par la circulation et le mouvement des fluides et de l\u2019\u00e9nergie.<\/p>\n<\/div>\n<\/div><\/div><\/div><div id=\"pgc-226-4-1\"  class=\"panel-grid-cell\" ><div id=\"panel-226-4-1-0\" class=\"so-panel widget widget_media_image panel-first-child panel-last-child\" data-index=\"11\" ><img loading=\"lazy\" decoding=\"async\" width=\"270\" height=\"186\" src=\"https:\/\/www.kobido-laure-massages.fr\/wp-content\/uploads\/2018\/12\/huit.jpg\" class=\"image wp-image-255  attachment-full size-full\" alt=\"\" style=\"max-width: 100%; height: auto;\" \/><\/div><\/div><div id=\"pgc-226-4-2\"  class=\"panel-grid-cell\" ><div id=\"panel-226-4-2-0\" class=\"so-panel widget widget_sow-editor panel-first-child panel-last-child\" data-index=\"12\" ><div\n\t\t\t\n\t\t\tclass=\"so-widget-sow-editor so-widget-sow-editor-base\"\n\t\t\t\n\t\t><h3 class=\"widget-title\">Dur\u00e9e du massage : 60 mn<\/h3>\n<div class=\"siteorigin-widget-tinymce textwidget\">\n\t<p>massage sur table, \u00e0 l'huile v\u00e9g\u00e9tale bio et huiles essentielles<\/p>\n<blockquote>\n<p><span style=\"color: #333333;\">70\u20ac la s\u00e9ance, 60 mn de massage<\/span><\/p>\n<\/blockquote>\n<\/div>\n<\/div><\/div><\/div><\/div><div id=\"pg-226-5\"  class=\"panel-grid panel-no-style\" ><div id=\"pgc-226-5-0\"  class=\"panel-grid-cell\" ><div id=\"panel-226-5-0-0\" class=\"so-panel widget widget_sow-editor panel-first-child panel-last-child\" data-index=\"13\" ><div\n\t\t\t\n\t\t\tclass=\"so-widget-sow-editor so-widget-sow-editor-base\"\n\t\t\t\n\t\t><h3 class=\"widget-title\">MASSAGE LOMI LOMI HAWA\u00cfEN - Ressour\u00e7ant<\/h3>\n<div class=\"siteorigin-widget-tinymce textwidget\">\n\t<p>plus qu'un massage, un v\u00e9ritable rituel ancestral des gu\u00e9risseurs hawa\u00efens\u00a0 transmis oralement de g\u00e9n\u00e9ration en g\u00e9n\u00e9ration.<\/p>\n<p>Amplitude et douceur de gestes fluides des avants bras rythm\u00e9s au son des vagues de l'oc\u00e9an Pacifique!<\/p>\n<p>La puissance de ce massage sacr\u00e9 r\u00e9veille la m\u00e9moire cellulaire des origines et nous remplis de l'amour des \u00eeles.<\/p>\n<\/div>\n<\/div><\/div><\/div><div id=\"pgc-226-5-1\"  class=\"panel-grid-cell\" ><div id=\"panel-226-5-1-0\" class=\"so-panel widget widget_media_image panel-first-child panel-last-child\" data-index=\"14\" ><img loading=\"lazy\" decoding=\"async\" width=\"281\" height=\"180\" src=\"https:\/\/www.kobido-laure-massages.fr\/wp-content\/uploads\/2019\/01\/hawai-e1548543219163.jpg\" class=\"image wp-image-561  attachment-full size-full\" alt=\"massage lomi lomi hawa\u00efen\" style=\"max-width: 100%; height: auto;\" \/><\/div><\/div><div id=\"pgc-226-5-2\"  class=\"panel-grid-cell\" ><div id=\"panel-226-5-2-0\" class=\"so-panel widget widget_sow-editor panel-first-child panel-last-child\" data-index=\"15\" ><div\n\t\t\t\n\t\t\tclass=\"so-widget-sow-editor so-widget-sow-editor-base\"\n\t\t\t\n\t\t><h3 class=\"widget-title\">Dur\u00e9e du massage : 90 mn<\/h3>\n<div class=\"siteorigin-widget-tinymce textwidget\">\n\t<p>massage sur table, \u00e0 l'huile de coco Bio, pr\u00e9voir douche \u00e9ventuelle car beaucoup d'huile<\/p>\n<blockquote>\n<p><span style=\"color: #333333;\">125\u20ac la s\u00e9ance, 90 mn de massage<\/span><\/p>\n<\/blockquote>\n<\/div>\n<\/div><\/div><\/div><\/div><div id=\"pg-226-6\"  class=\"panel-grid panel-no-style\" ><div id=\"pgc-226-6-0\"  class=\"panel-grid-cell\" ><div id=\"panel-226-6-0-0\" class=\"so-panel widget widget_sow-editor panel-first-child panel-last-child\" data-index=\"16\" ><div\n\t\t\t\n\t\t\tclass=\"so-widget-sow-editor so-widget-sow-editor-base\"\n\t\t\t\n\t\t><h3 class=\"widget-title\">MASSAGE AYURV\u00c9DIQUE ABHYANGA - Dynamisant<\/h3>\n<div class=\"siteorigin-widget-tinymce textwidget\">\n\t<p>Vivez une exp\u00e9rience unique \u00e0 travers ce grand massage traditionnel venu de l'Inde.<\/p>\n<p>Le massage Abhyanga, \u00e9tymologiquement \"dans toutes les directions\" (de l'\u00e9nergie) , est un soin dynamisant et raffin\u00e9 de par ses mouvements rythm\u00e9s et pr\u00e9cis effectu\u00e9s sur tout le corps \u00e0 l'huile de s\u00e9same chaude.<\/p>\n<p>D\u00e9paysement assur\u00e9!<\/p>\n<\/div>\n<\/div><\/div><\/div><div id=\"pgc-226-6-1\"  class=\"panel-grid-cell\" ><div id=\"panel-226-6-1-0\" class=\"so-panel widget widget_media_image panel-first-child panel-last-child\" data-index=\"17\" ><img loading=\"lazy\" decoding=\"async\" width=\"300\" height=\"181\" src=\"https:\/\/www.kobido-laure-massages.fr\/wp-content\/uploads\/2019\/02\/ayur-dep-300x181.png\" class=\"image wp-image-717  attachment-medium size-medium\" alt=\"\" style=\"max-width: 100%; height: auto;\" srcset=\"https:\/\/www.kobido-laure-massages.fr\/wp-content\/uploads\/2019\/02\/ayur-dep-300x181.png 300w, https:\/\/www.kobido-laure-massages.fr\/wp-content\/uploads\/2019\/02\/ayur-dep.png 339w\" sizes=\"auto, (max-width: 300px) 100vw, 300px\" \/><\/div><\/div><div id=\"pgc-226-6-2\"  class=\"panel-grid-cell\" ><div id=\"panel-226-6-2-0\" class=\"so-panel widget widget_sow-editor panel-first-child panel-last-child\" data-index=\"18\" ><div\n\t\t\t\n\t\t\tclass=\"so-widget-sow-editor so-widget-sow-editor-base\"\n\t\t\t\n\t\t><h3 class=\"widget-title\">Dur\u00e9e du massage : 90 mn<\/h3>\n<div class=\"siteorigin-widget-tinymce textwidget\">\n\t<p>massage sur table \u00e0 l'huile de s\u00e9same bio et huiles essentielles ou ayurv\u00e9diques selon les besoins<\/p>\n<blockquote>\n<p><span style=\"color: #333333;\">110 \u20ac la s\u00e9ance\u00a0<\/span><\/p>\n<\/blockquote>\n<\/div>\n<\/div><\/div><\/div><\/div><div id=\"pg-226-7\"  class=\"panel-grid panel-no-style\" ><div id=\"pgc-226-7-0\"  class=\"panel-grid-cell\" ><div id=\"panel-226-7-0-0\" class=\"so-panel widget widget_sow-editor panel-first-child panel-last-child\" data-index=\"19\" ><div\n\t\t\t\n\t\t\tclass=\"so-widget-sow-editor so-widget-sow-editor-base\"\n\t\t\t\n\t\t><h3 class=\"widget-title\">MASSAGE NUAD BO'RARN Tha\u00ef traditionnel - \u00c9quilibrant<\/h3>\n<div class=\"siteorigin-widget-tinymce textwidget\">\n\t<p>Du tha\u00eflandais \u00ab\u00a0<em><strong>Nuad<\/strong><\/em>\u00a0\u00bb signifiant \u00ab massage \u00bb et de \u00ab\u00a0<em><strong>Bo'Rarn<\/strong><\/em>\u00a0\u00bb signifiant \u00ab traditionnel \u00bb, le\u00a0<em><strong>Nuad Bo'Rarn<\/strong><\/em>\u00a0est la m\u00e9thode de massage traditionnelle ancestrale tha\u00ef dont les origines remontent au shiatsu, au massage indien et au yoga.<\/p>\n<p>Pratiqu\u00e9 au sol sur\u00a0 futon, ce massage est un travail sur les points de pression, les lignes d'\u00e9nergie, et les forces de base du corps.<\/p>\n<p>Essentiellement compos\u00e9 de pressions\u00a0effectu\u00e9es avec les paumes, les pouces mais aussi les coudes, les pieds et les genoux , de mobilisations articulaires, compressions et \u00e9tirements, il traite le corps dans son ensemble afin d'apporter \u00e9quilibre du corps et de l'esprit pour retrouver un \u00e9tat de sant\u00e9 et de bien \u00eatre global et durable.<\/p>\n<p>&nbsp;<\/p>\n<p>&nbsp;<\/p>\n<\/div>\n<\/div><\/div><\/div><div id=\"pgc-226-7-1\"  class=\"panel-grid-cell\" ><div id=\"panel-226-7-1-0\" class=\"so-panel widget widget_media_image panel-first-child panel-last-child\" data-index=\"20\" ><img loading=\"lazy\" decoding=\"async\" width=\"300\" height=\"195\" src=\"https:\/\/www.kobido-laure-massages.fr\/wp-content\/uploads\/2019\/02\/thai-prov-300x195.png\" class=\"image wp-image-716  attachment-medium size-medium\" alt=\"\" style=\"max-width: 100%; height: auto;\" srcset=\"https:\/\/www.kobido-laure-massages.fr\/wp-content\/uploads\/2019\/02\/thai-prov-300x195.png 300w, https:\/\/www.kobido-laure-massages.fr\/wp-content\/uploads\/2019\/02\/thai-prov-520x339.png 520w, https:\/\/www.kobido-laure-massages.fr\/wp-content\/uploads\/2019\/02\/thai-prov.png 709w\" sizes=\"auto, (max-width: 300px) 100vw, 300px\" \/><\/div><\/div><div id=\"pgc-226-7-2\"  class=\"panel-grid-cell\" ><div id=\"panel-226-7-2-0\" class=\"so-panel widget widget_sow-editor panel-first-child panel-last-child\" data-index=\"21\" ><div\n\t\t\t\n\t\t\tclass=\"so-widget-sow-editor so-widget-sow-editor-base\"\n\t\t\t\n\t\t><h3 class=\"widget-title\">Dur\u00e9e du massage : 90 mn<\/h3>\n<div class=\"siteorigin-widget-tinymce textwidget\">\n\t<p>massage au sol sur futon, habill\u00e9, sans huile<\/p>\n<blockquote>\n<p><span style=\"color: #333333;\">95\u20ac la s\u00e9ance, 90 mn de massage<\/span><\/p>\n<\/blockquote>\n<\/div>\n<\/div><\/div><\/div><\/div><div id=\"pg-226-8\"  class=\"panel-grid panel-no-style\" ><div id=\"pgc-226-8-0\"  class=\"panel-grid-cell\" ><div id=\"panel-226-8-0-0\" class=\"so-panel widget widget_sow-editor panel-first-child panel-last-child\" data-index=\"22\" ><div\n\t\t\t\n\t\t\tclass=\"so-widget-sow-editor so-widget-sow-editor-base\"\n\t\t\t\n\t\t><h3 class=\"widget-title\">MASSAGE AUX PIERRES CHAUDES  Energisant<\/h3>\n<div class=\"siteorigin-widget-tinymce textwidget\">\n\t<p>La combinaison des pierres volcaniques de basalte \u00e0 la chaleur relaxante, associ\u00e9e aux pierres semi-pr\u00e9cieuses \u00e9quilibrantes assure un travail en profondeur de d\u00e9toxification et r\u00e9g\u00e9n\u00e9ration de l'organisme!<\/p>\n<p>Massage pur cocooning, le corps et l'esprit sont ressourc\u00e9s!<\/p>\n<\/div>\n<\/div><\/div><\/div><div id=\"pgc-226-8-1\"  class=\"panel-grid-cell\" ><div id=\"panel-226-8-1-0\" class=\"so-panel widget widget_media_image panel-first-child panel-last-child\" data-index=\"23\" ><img loading=\"lazy\" decoding=\"async\" width=\"310\" height=\"163\" src=\"https:\/\/www.kobido-laure-massages.fr\/wp-content\/uploads\/2018\/12\/images-15.jpg\" class=\"image wp-image-264  attachment-full size-full\" alt=\"\" style=\"max-width: 100%; height: auto;\" srcset=\"https:\/\/www.kobido-laure-massages.fr\/wp-content\/uploads\/2018\/12\/images-15.jpg 310w, https:\/\/www.kobido-laure-massages.fr\/wp-content\/uploads\/2018\/12\/images-15-300x158.jpg 300w\" sizes=\"auto, (max-width: 310px) 100vw, 310px\" \/><\/div><\/div><div id=\"pgc-226-8-2\"  class=\"panel-grid-cell\" ><div id=\"panel-226-8-2-0\" class=\"so-panel widget widget_sow-editor panel-first-child panel-last-child\" data-index=\"24\" ><div\n\t\t\t\n\t\t\tclass=\"so-widget-sow-editor so-widget-sow-editor-base\"\n\t\t\t\n\t\t><h3 class=\"widget-title\">Dur\u00e9e du massage : 75 mn<\/h3>\n<div class=\"siteorigin-widget-tinymce textwidget\">\n\t<p>massage sur table \u00e0 l'huile v\u00e9g\u00e9tale bio et huiles essentielles<\/p>\n<blockquote>\n<p><span style=\"color: #333333;\">90 \u20ac la s\u00e9ance<\/span><\/p>\n<\/blockquote>\n<\/div>\n<\/div><\/div><\/div><\/div><div id=\"pg-226-9\"  class=\"panel-grid panel-no-style\" ><div id=\"pgc-226-9-0\"  class=\"panel-grid-cell\" ><div id=\"panel-226-9-0-0\" class=\"so-panel widget widget_sow-editor panel-first-child panel-last-child\" data-index=\"25\" ><div\n\t\t\t\n\t\t\tclass=\"so-widget-sow-editor so-widget-sow-editor-base\"\n\t\t\t\n\t\t><h3 class=\"widget-title\">MASSAGE TONIQUE REMODELANT - Affinant<\/h3>\n<div class=\"siteorigin-widget-tinymce textwidget\">\n\t<p>Synergie d'huiles essentielles sp\u00e9cifique et de man\u0153uvres favorisant les fonctions d'\u00e9limination du corps, sollicitation de la masse graisseuse par p\u00e9trissages et <strong>palper-rouler manuel<\/strong>, ce massage permet de modifier l'aspect de la cellulite des zones disgracieuses.<\/p>\n<p>Le grain de la peau est affin\u00e9 et les fonctions d'\u00e9limination de l'organisme stimul\u00e9es afin d'\u00e9liminer les toxines.<\/p>\n<p>Id\u00e9al pour remodeler la silhouette avant l'\u00e9t\u00e9, son efficacit\u00e9 est optimis\u00e9e \u00e0 raison d'un soin par semaine durant quatre semaines en cure d'attaque, puis un entretient r\u00e9gulier est conseill\u00e9.<\/p>\n<p>&nbsp;<\/p>\n<\/div>\n<\/div><\/div><\/div><div id=\"pgc-226-9-1\"  class=\"panel-grid-cell\" ><div id=\"panel-226-9-1-0\" class=\"so-panel widget widget_media_image panel-first-child panel-last-child\" data-index=\"26\" ><img loading=\"lazy\" decoding=\"async\" width=\"300\" height=\"168\" src=\"https:\/\/www.kobido-laure-massages.fr\/wp-content\/uploads\/2018\/12\/images-10-300x168.jpg\" class=\"image wp-image-260  attachment-medium size-medium\" alt=\"\" style=\"max-width: 100%; height: auto;\" \/><\/div><\/div><div id=\"pgc-226-9-2\"  class=\"panel-grid-cell\" ><div id=\"panel-226-9-2-0\" class=\"so-panel widget widget_sow-editor panel-first-child panel-last-child\" data-index=\"27\" ><div\n\t\t\t\n\t\t\tclass=\"so-widget-sow-editor so-widget-sow-editor-base\"\n\t\t\t\n\t\t><h3 class=\"widget-title\">Dur\u00e9e du massage: 60 mn<\/h3>\n<div class=\"siteorigin-widget-tinymce textwidget\">\n\t<p>massage sur table \u00e0 l'huile v\u00e9g\u00e9tale bio et huiles essentielles<\/p>\n<blockquote>\n<p><span style=\"color: #333333;\">80 \u20ac la s\u00e9ance<\/span><\/p>\n<p><span style=\"color: #333333;\">290 \u20ac le pack de 4 s\u00e9ances<\/span><\/p>\n<p>&nbsp;<\/p>\n<\/blockquote>\n<\/div>\n<\/div><\/div><\/div><\/div><\/div>","protected":false},"excerpt":{"rendered":"<p>__________________________________________________________________________________________________________________________________ Massage personnalis\u00e9 unique et selon vos besoins Ce massage \u00ab\u00a0Signature\u00a0\u00bb \u00e9volue en ad\u00e9quation avec votre \u00e9tat du moment pour r\u00e9pondre \u00e0 vos besoins! Les mouvements sont inspir\u00e9s de mon parcours de formation sur diff\u00e9rentes<a class=\"read-more\" href=\"https:\/\/www.kobido-laure-massages.fr\/index.php\/nos-massages\/bien-etre-du-monde-energetique\/\">Continue reading<\/a><\/p>\n","protected":false},"author":1,"featured_media":0,"parent":133,"menu_order":0,"comment_status":"closed","ping_status":"closed","template":"","meta":{"footnotes":""},"class_list":["post-226","page","type-page","status-publish","hentry"],"aioseo_notices":[],"_links":{"self":[{"href":"https:\/\/www.kobido-laure-massages.fr\/index.php\/wp-json\/wp\/v2\/pages\/226","targetHints":{"allow":["GET"]}}],"collection":[{"href":"https:\/\/www.kobido-laure-massages.fr\/index.php\/wp-json\/wp\/v2\/pages"}],"about":[{"href":"https:\/\/www.kobido-laure-massages.fr\/index.php\/wp-json\/wp\/v2\/types\/page"}],"author":[{"embeddable":true,"href":"https:\/\/www.kobido-laure-massages.fr\/index.php\/wp-json\/wp\/v2\/users\/1"}],"replies":[{"embeddable":true,"href":"https:\/\/www.kobido-laure-massages.fr\/index.php\/wp-json\/wp\/v2\/comments?post=226"}],"version-history":[{"count":47,"href":"https:\/\/www.kobido-laure-massages.fr\/index.php\/wp-json\/wp\/v2\/pages\/226\/revisions"}],"predecessor-version":[{"id":1450,"href":"https:\/\/www.kobido-laure-massages.fr\/index.php\/wp-json\/wp\/v2\/pages\/226\/revisions\/1450"}],"up":[{"embeddable":true,"href":"https:\/\/www.kobido-laure-massages.fr\/index.php\/wp-json\/wp\/v2\/pages\/133"}],"wp:attachment":[{"href":"https:\/\/www.kobido-laure-massages.fr\/index.php\/wp-json\/wp\/v2\/media?parent=226"}],"curies":[{"name":"wp","href":"https:\/\/api.w.org\/{rel}","templated":true}]}}