{"id":240,"date":"2018-10-25T18:00:29","date_gmt":"2018-10-25T16:00:29","guid":{"rendered":"http:\/\/www.kobido-laure-massages.fr\/?page_id=240"},"modified":"2020-05-07T11:18:19","modified_gmt":"2020-05-07T09:18:19","slug":"presse","status":"publish","type":"page","link":"https:\/\/www.kobido-laure-massages.fr\/index.php\/presse\/","title":{"rendered":"PRESSE"},"content":{"rendered":"<div id=\"pl-240\"  class=\"panel-layout\" ><div id=\"pg-240-0\"  class=\"panel-grid panel-no-style\" ><div id=\"pgc-240-0-0\"  class=\"panel-grid-cell\" ><div id=\"panel-240-0-0-0\" class=\"so-panel widget widget_sow-editor panel-first-child panel-last-child\" data-index=\"0\" ><div\n\t\t\t\n\t\t\tclass=\"so-widget-sow-editor so-widget-sow-editor-base\"\n\t\t\t\n\t\t><h3 class=\"widget-title\">d\u00e9monstration du Dr Shogo MOCHIZUKI ma\u00eetre Kobido de la 26\u00e8me g\u00e9n\u00e9ration<\/h3>\n<div class=\"siteorigin-widget-tinymce textwidget\">\n\t<p><iframe loading=\"lazy\" src=\"https:\/\/www.youtube.com\/embed\/eiRtvjb_yIk\" width=\"560\" height=\"315\" frameborder=\"0\" allowfullscreen=\"allowfullscreen\"><\/iframe><\/p>\n<\/div>\n<\/div><\/div><\/div><\/div><div id=\"pg-240-1\"  class=\"panel-grid panel-no-style\" ><div id=\"pgc-240-1-0\"  class=\"panel-grid-cell\" ><div id=\"panel-240-1-0-0\" class=\"so-panel widget widget_sow-editor panel-first-child panel-last-child\" data-index=\"1\" ><div\n\t\t\t\n\t\t\tclass=\"so-widget-sow-editor so-widget-sow-editor-base\"\n\t\t\t\n\t\t><h3 class=\"widget-title\">article sur le Kobido \"ELLE\"<\/h3>\n<div class=\"siteorigin-widget-tinymce textwidget\">\n\t<p style=\"text-align: center;\"><a href=\"http:\/\/http:\/\/www.elle.fr\/Beaute\/Massage\/Kobido-3078100\" target=\"_blank\" rel=\"noopener\"><img loading=\"lazy\" decoding=\"async\" class=\"alignnone wp-image-832\" src=\"http:\/\/www.kobido-laure-massages.fr\/wp-content\/uploads\/2019\/02\/elle-300x219.png\" alt=\"\" width=\"600\" height=\"438\" srcset=\"https:\/\/www.kobido-laure-massages.fr\/wp-content\/uploads\/2019\/02\/elle-300x219.png 300w, https:\/\/www.kobido-laure-massages.fr\/wp-content\/uploads\/2019\/02\/elle-768x561.png 768w, https:\/\/www.kobido-laure-massages.fr\/wp-content\/uploads\/2019\/02\/elle-520x380.png 520w, https:\/\/www.kobido-laure-massages.fr\/wp-content\/uploads\/2019\/02\/elle-740x540.png 740w, https:\/\/www.kobido-laure-massages.fr\/wp-content\/uploads\/2019\/02\/elle.png 1019w\" sizes=\"auto, (max-width: 600px) 100vw, 600px\" \/><\/a><\/p>\n<\/div>\n<\/div><\/div><\/div><\/div><div id=\"pg-240-2\"  class=\"panel-grid panel-no-style\" ><div id=\"pgc-240-2-0\"  class=\"panel-grid-cell\" ><div id=\"panel-240-2-0-0\" class=\"so-panel widget widget_sow-editor panel-first-child panel-last-child\" data-index=\"2\" ><div\n\t\t\t\n\t\t\tclass=\"so-widget-sow-editor so-widget-sow-editor-base\"\n\t\t\t\n\t\t><h3 class=\"widget-title\">on parle de nous....<\/h3>\n<div class=\"siteorigin-widget-tinymce textwidget\">\n\t<p><a href=\"https:\/\/www.bioalaune.com\/fr\/actualite-bio\/38257\/kobido-gua-sha-face-sculpting-soins-anti-age-sans-bistouri\" target=\"_blank\" rel=\"noopener\"><img loading=\"lazy\" decoding=\"async\" class=\"alignnone size-full wp-image-1250\" src=\"http:\/\/www.kobido-laure-massages.fr\/wp-content\/uploads\/2020\/05\/bio-ok.png\" alt=\"\" width=\"986\" height=\"662\" srcset=\"https:\/\/www.kobido-laure-massages.fr\/wp-content\/uploads\/2020\/05\/bio-ok.png 986w, https:\/\/www.kobido-laure-massages.fr\/wp-content\/uploads\/2020\/05\/bio-ok-300x201.png 300w, https:\/\/www.kobido-laure-massages.fr\/wp-content\/uploads\/2020\/05\/bio-ok-768x516.png 768w, https:\/\/www.kobido-laure-massages.fr\/wp-content\/uploads\/2020\/05\/bio-ok-520x349.png 520w, https:\/\/www.kobido-laure-massages.fr\/wp-content\/uploads\/2020\/05\/bio-ok-740x497.png 740w, https:\/\/www.kobido-laure-massages.fr\/wp-content\/uploads\/2020\/05\/bio-ok-272x182.png 272w\" sizes=\"auto, (max-width: 986px) 100vw, 986px\" \/><\/a><\/p>\n<\/div>\n<\/div><\/div><\/div><\/div><div id=\"pg-240-3\"  class=\"panel-grid panel-no-style\" ><div id=\"pgc-240-3-0\"  class=\"panel-grid-cell\" ><div id=\"panel-240-3-0-0\" class=\"so-panel widget widget_sow-editor panel-first-child panel-last-child\" data-index=\"3\" ><div\n\t\t\t\n\t\t\tclass=\"so-widget-sow-editor so-widget-sow-editor-base\"\n\t\t\t\n\t\t><h3 class=\"widget-title\">en VOGUE...<\/h3>\n<div class=\"siteorigin-widget-tinymce textwidget\">\n\t<p><a href=\"https:\/\/www.vogue.fr\/beaute\/article\/face-sculpting-massage-visage-anti-age-meghan-markle\" target=\"_blank\" rel=\"noopener\"><img loading=\"lazy\" decoding=\"async\" class=\"alignnone size-large wp-image-1251\" src=\"http:\/\/www.kobido-laure-massages.fr\/wp-content\/uploads\/2020\/05\/vogue-face-lift-1024x545.png\" alt=\"\" width=\"1024\" height=\"545\" srcset=\"https:\/\/www.kobido-laure-massages.fr\/wp-content\/uploads\/2020\/05\/vogue-face-lift-1024x545.png 1024w, https:\/\/www.kobido-laure-massages.fr\/wp-content\/uploads\/2020\/05\/vogue-face-lift-300x160.png 300w, https:\/\/www.kobido-laure-massages.fr\/wp-content\/uploads\/2020\/05\/vogue-face-lift-768x409.png 768w, https:\/\/www.kobido-laure-massages.fr\/wp-content\/uploads\/2020\/05\/vogue-face-lift-520x277.png 520w, https:\/\/www.kobido-laure-massages.fr\/wp-content\/uploads\/2020\/05\/vogue-face-lift-740x394.png 740w, https:\/\/www.kobido-laure-massages.fr\/wp-content\/uploads\/2020\/05\/vogue-face-lift.png 1367w\" sizes=\"auto, (max-width: 1024px) 100vw, 1024px\" \/><\/a><\/p>\n<\/div>\n<\/div><\/div><\/div><\/div><div id=\"pg-240-4\"  class=\"panel-grid panel-no-style\" ><div id=\"pgc-240-4-0\"  class=\"panel-grid-cell\" ><div id=\"panel-240-4-0-0\" class=\"so-panel widget widget_sow-editor panel-first-child panel-last-child\" data-index=\"4\" ><div\n\t\t\t\n\t\t\tclass=\"so-widget-sow-editor so-widget-sow-editor-base\"\n\t\t\t\n\t\t><h3 class=\"widget-title\">Vos t\u00e9moignages...<\/h3>\n<div class=\"siteorigin-widget-tinymce textwidget\">\n\t<blockquote>\n<p><span data-ft=\"{&quot;tn&quot;:&quot;K&quot;}\"><span class=\"UFICommentBody\"><span style=\"color: #800000;\">\"Ce massage est extraordinaire et Laure a des mains de f\u00e9e, je recommande !\"\u00a0<\/span><\/span><\/span><span style=\"color: #333333;\">Anne Ayurveda<\/span><\/p>\n<p>&nbsp;<\/p>\n<p><span style=\"color: #800000;\" data-ft=\"{&quot;tn&quot;:&quot;K&quot;}\"><span class=\"UFICommentBody\">\"Oui je confirme un magnifique massage de la part de Laure avec ces mains remplie de belles \u00e9nergies\"\u00a0\u00a0<\/span><\/span><span style=\"color: #333333;\">Luchon La Lumi\u00e8re<\/span><\/p>\n<p>&nbsp;<\/p>\n<p><span style=\"color: #800000;\">\"Impatiente de revenir pour une merveilleuse s\u00e9ance de Kobido !!!\"\u00a0<\/span>\u00a0Chris Nice<\/p>\n<p>&nbsp;<\/p>\n<p><span style=\"color: #800000;\">\"Tr\u00e8s belle d\u00e9couverte. Laure est une personne tr\u00e8s \u00e0 l'\u00e9coute. Ces massages sont fait en pleine conscience. Les bienfaits des massages sont imm\u00e9diat. J'en suis ressortie \u00e0 chaque s\u00e9ance super d\u00e9tendue, plus de trace de tension ou de stress et les ressentis se font vraiment sentir dans les jours qui suivent. \u00c9nergie retrouv\u00e9e. Je recommande vivement. Ces s\u00e9ances devraient \u00eatre rembours\u00e9es par la s\u00e9curit\u00e9 sociale \u00a0\"<\/span><\/p>\n<p><span style=\"color: #800000;\"><span style=\"color: #333333;\">Natacha De Palma Goncalves<\/span><\/span><\/p>\n<p>&nbsp;<\/p>\n<p><span style=\"color: #800000;\">\u00a0\"<span dir=\"ltr\"><span class=\"_3l3x\">J'ai profit\u00e9 du massage du visage lors du salon Femme et bien-\u00eatre \u00e0 Saint Georges de Mons, organis\u00e9 par l'APE, et j'en suis ravie! Laure, vous \u00eates une tr\u00e8s belle personne et vous pratiquez \u00e0 la perfection le Kobido!\u00a0<\/span><\/span><\/span><span dir=\"ltr\"><span class=\"_3l3x\"><span style=\"color: #800000;\">Grand moment de d\u00e9tente et rencontre magique remplie d'un feeling rare!\"<\/span>\u00a0<span style=\"color: #333333;\">Cristal Line<\/span><\/span><\/span><\/p>\n<p>&nbsp;<\/p>\n<p><span style=\"color: #800000;\">\"Je viens de rencontr\u00e9 une femme d'une gentillesse et d'un coeur \u00e9norme<\/span><\/p>\n<p><span style=\"color: #800000;\">Je vous recommande de prendre rendez-vous, Laure est une magicienne.<\/span><\/p>\n<div id=\"u_47_2\" class=\"_4vv0 _3ccb\" data-ft=\"{&quot;tn&quot;:&quot;-R&quot;}\" data-gt=\"{&quot;type&quot;:&quot;click2canvas&quot;,&quot;fbsource&quot;:703,&quot;ref&quot;:&quot;nf_generic&quot;}\">\n<div class=\"_5pcr userContentWrapper\" data-ft=\"{&quot;tn&quot;:&quot;-R&quot;}\">\n<div class=\"_1dwg _1w_m _q7o\">\n<div>\n<div class=\"_5pbx userContent _3576\" data-testid=\"post_message\" data-ft=\"{&quot;tn&quot;:&quot;K&quot;}\">\n<p><span style=\"color: #800000;\">Pour moi un moment de pur d\u00e9tente, de bien-\u00eatre et une super rencontre\"<\/span><br \/>\n<span style=\"color: #333333;\">Isabelle GRANGE<\/span><\/p>\n<\/div>\n<\/div>\n<\/div>\n<\/div>\n<\/div>\n<div class=\"_4299\">\n<div class=\"_3w53\" data-testid=\"UFI2CommentsList\/root_depth_0\">\n<div class=\"_3tz_ _7_sk\"><\/div>\n<div class=\"_3tz_ _7794\"><\/div>\n<div class=\"_3bem\">\n<div class=\"_1kyy _3bep\">\n<div class=\"_4a0v _1x3z __fa\">\n<div class=\"_4b0g\">\n<div class=\"_5pd7\"><\/div>\n<div class=\"_5pd7\"><\/div>\n<\/div>\n<\/div>\n<\/div>\n<\/div>\n<\/div>\n<\/div>\n<p>&nbsp;<\/p>\n<p>&nbsp;<\/p>\n<\/blockquote>\n<\/div>\n<\/div><\/div><\/div><\/div><div id=\"pg-240-5\"  class=\"panel-grid panel-no-style\" ><div id=\"pgc-240-5-0\"  class=\"panel-grid-cell panel-grid-cell-empty\" ><\/div><\/div><\/div>","protected":false},"excerpt":{"rendered":"<p>d\u00e9monstration du Dr Shogo MOCHIZUKI ma\u00eetre Kobido de la 26\u00e8me g\u00e9n\u00e9ration article sur le Kobido \u00ab\u00a0ELLE\u00a0\u00bb on parle de nous&#8230;. en VOGUE&#8230; Vos t\u00e9moignages&#8230; \u00ab\u00a0Ce massage est extraordinaire et Laure a des mains de f\u00e9e,<a class=\"read-more\" href=\"https:\/\/www.kobido-laure-massages.fr\/index.php\/presse\/\">Continue reading<\/a><\/p>\n","protected":false},"author":1,"featured_media":674,"parent":0,"menu_order":0,"comment_status":"closed","ping_status":"closed","template":"","meta":{"footnotes":""},"class_list":["post-240","page","type-page","status-publish","has-post-thumbnail","hentry"],"aioseo_notices":[],"_links":{"self":[{"href":"https:\/\/www.kobido-laure-massages.fr\/index.php\/wp-json\/wp\/v2\/pages\/240","targetHints":{"allow":["GET"]}}],"collection":[{"href":"https:\/\/www.kobido-laure-massages.fr\/index.php\/wp-json\/wp\/v2\/pages"}],"about":[{"href":"https:\/\/www.kobido-laure-massages.fr\/index.php\/wp-json\/wp\/v2\/types\/page"}],"author":[{"embeddable":true,"href":"https:\/\/www.kobido-laure-massages.fr\/index.php\/wp-json\/wp\/v2\/users\/1"}],"replies":[{"embeddable":true,"href":"https:\/\/www.kobido-laure-massages.fr\/index.php\/wp-json\/wp\/v2\/comments?post=240"}],"version-history":[{"count":12,"href":"https:\/\/www.kobido-laure-massages.fr\/index.php\/wp-json\/wp\/v2\/pages\/240\/revisions"}],"predecessor-version":[{"id":831,"href":"https:\/\/www.kobido-laure-massages.fr\/index.php\/wp-json\/wp\/v2\/pages\/240\/revisions\/831"}],"wp:featuredmedia":[{"embeddable":true,"href":"https:\/\/www.kobido-laure-massages.fr\/index.php\/wp-json\/wp\/v2\/media\/674"}],"wp:attachment":[{"href":"https:\/\/www.kobido-laure-massages.fr\/index.php\/wp-json\/wp\/v2\/media?parent=240"}],"curies":[{"name":"wp","href":"https:\/\/api.w.org\/{rel}","templated":true}]}}