{"id":243,"date":"2018-10-25T18:01:10","date_gmt":"2018-10-25T16:01:10","guid":{"rendered":"http:\/\/www.kobido-laure-massages.fr\/?page_id=243"},"modified":"2020-07-09T14:53:05","modified_gmt":"2020-07-09T12:53:05","slug":"pandorastar","status":"publish","type":"page","link":"https:\/\/www.kobido-laure-massages.fr\/index.php\/pandorastar\/","title":{"rendered":"PANDORASTAR"},"content":{"rendered":"<div id=\"pl-243\"  class=\"panel-layout\" ><div id=\"pg-243-0\"  class=\"panel-grid panel-no-style\" ><div id=\"pgc-243-0-0\"  class=\"panel-grid-cell\" ><div id=\"panel-243-0-0-0\" class=\"so-panel widget widget_sow-editor panel-first-child panel-last-child\" data-index=\"0\" ><div\n\t\t\t\n\t\t\tclass=\"so-widget-sow-editor so-widget-sow-editor-base\"\n\t\t\t\n\t\t><h3 class=\"widget-title\">S\u00e9ances de lampe photo-neuro-stimulatrice PandoraStar<\/h3>\n<div class=\"siteorigin-widget-tinymce textwidget\">\n\t<blockquote>\n<p><strong>S\u00e9ance de GROUPE:\u00a0<span style=\"color: #333333;\">\u00a01 heure\u00a0 50\u20ac\/personne\u00a0<\/span><\/strong><strong>(de\u00a0<\/strong><strong>2 \u00e0 5 personnes)<\/strong><\/p>\n<\/blockquote>\n<p><strong><span style=\"color: #800000;\"> possible pour des \u00e9v\u00e9nements, \u00e0 domicile... pour tout renseignement contacter Laure au\u00a0<span style=\"color: #333333;\"><a style=\"color: #333333;\" href=\"tel:06 63 01 29 94 \">06 63 01 29 94<\/a><\/span><\/span><\/strong><\/p>\n<blockquote>\n<p>&nbsp;<\/p>\n<p><strong>S\u00e9ances INDIVIDUELLES :\u00a0<\/strong><\/p>\n<p>&nbsp;<\/p>\n<p><span style=\"color: #333333;\"><strong>50\u20ac\u00a0 la s\u00e9ance de 30\/40 mn<\/strong><\/span><\/p>\n<\/blockquote>\n<p><strong>programme test + 1 programme\u00a0<\/strong><\/p>\n<blockquote>\n<p>&nbsp;<\/p>\n<p><span style=\"color: #333333;\"><strong>80\u20ac\u00a0 la s\u00e9ance de 60\/ 75 mn<\/strong><\/span><\/p>\n<\/blockquote>\n<p><strong>programme test + 2 programmes ou 1 programme long<\/strong><\/p>\n<blockquote>\n<p>&nbsp;<\/p>\n<\/blockquote>\n<p>En attendant le site \"A L'Or igine...lumi\u00e8re de Conscience\" en Auvergne 63<\/p>\n<p>et pour tout renseignement sur la lampe PandoraStar\u00a0 ainsi que le d\u00e9roulement des s\u00e9ances de groupe,<\/p>\n<p>vous pouvez consulter le site de notre ami Bruno \"AKKANA\" :\u00a0<span style=\"color: #339966;\"><strong><a style=\"color: #339966;\" href=\"https:\/\/www.akkana.fr\/\" target=\"_blank\" rel=\"noopener\">https:\/\/www.akkana.fr\/<\/a><\/strong><\/span><\/p>\n<blockquote>\n<div id=\"comp-jaffmkm9\" class=\"txtNew\" data-packed=\"true\">\n<h2 class=\"font_2\"><span style=\"color: #333333;\">Pr\u00e9requis et contre-indications<\/span><\/h2>\n<\/div>\n<div id=\"comp-jaffmkmd\" class=\"txtNew\" data-packed=\"true\">\n<p class=\"font_8\">Bien que PandoraStar puisse g\u00e9n\u00e9ralement procurer un sentiment de bien-\u00eatre et de profonde relaxation \u00e0 la plupart des personnes l'ayant exp\u00e9riment\u00e9,\u00a0cette technologie n'est pas appropri\u00e9e pour tout le monde.<\/p>\n<p class=\"font_8\"><span class=\"wixGuard\">\u200b<\/span><\/p>\n<p class=\"font_8\">Ne pas r\u00e9server de s\u00e9ance si vous \u00eates concern\u00e9 par l'une des contre-indications suivantes :<\/p>\n<p class=\"font_8\"><span style=\"color: #333333;\"><strong>Totalement contre-indiqu\u00e9<\/strong><\/span><br \/>\n- Personnes \u00e9pileptiques ou sujettes aux convulsions<br \/>\n-\u00a0Porteur de\u00a0stimulateur cardiaque (pacemaker)<br \/>\n- Traitement des yeux ou de la peau au laser au cours des 2 derniers mois<br \/>\n- Prise de m\u00e9dicaments photosensibles<\/p>\n<p class=\"font_8\">\u00a0 \u00a0 - Prise de m\u00e9dicaments psychiatriques (antid\u00e9presseurs, neuroleptiques...)<\/p>\n<p class=\"font_8\">\u00a0 \u00a0 - Prise de substances psycho-actives (drogues, alcool...)<br \/>\n\u200b<br \/>\n<span style=\"color: #333333;\"><strong>Tr\u00e8s fortement d\u00e9conseill\u00e9 par pr\u00e9caution<\/strong><\/span><br \/>\n- Femmes enceintes<br \/>\n- Jeunes enfants<br \/>\n- Sensibilit\u00e9 \u00e0 la lumi\u00e8re forte<br \/>\n- Tout trouble psychologique ou psychiatrique, y compris la psychose<br \/>\n\u200b<\/p>\n<p class=\"font_8\">Par ailleurs, il est important de pr\u00e9ciser que La technologie PandoraStar n'est pas un dispositif m\u00e9dical ni un dispositif d'aide psychologique, et elle n'est pas non plus pr\u00e9sent\u00e9e ni con\u00e7ue comme un traitement ou un rem\u00e8de \u00e0 un quelconque probl\u00e8me de sant\u00e9.<\/p>\n<p class=\"font_8\"><span class=\"wixGuard\">\u200b<\/span><\/p>\n<p class=\"font_8\">Les s\u00e9ances avec PandoraStar ont pour objectif de permettre l'exploration d'\u00e9tats modifi\u00e9s de conscience \u00e0 titre personnel (ouverture de conscience, spiritualit\u00e9, connaissance de soi, mieux-\u00eatre...) ou pour des professionnels (hypnoth\u00e9rapeutes, artistes, sportifs...).<\/p>\n<\/div>\n<div id=\"comp-jaffmkmq\" class=\"s_BIwzIGroupSkin\">\n<div id=\"comp-jaffmkmqinlineContent\" class=\"s_BIwzIGroupSkininlineContent\">\n<div id=\"comp-jaffmkmqinlineContent-gridWrapper\" data-mesh-internal=\"true\">\n<div id=\"comp-jaffmkmqinlineContent-gridContainer\" data-mesh-internal=\"true\">\n<div id=\"comp-jaffmkmt\" class=\"txtNew\" data-packed=\"true\">\n<p class=\"font_7\">\n<\/div>\n<\/div>\n<\/div>\n<\/div>\n<\/div>\n<\/blockquote>\n<\/div>\n<\/div><\/div><\/div><div id=\"pgc-243-0-1\"  class=\"panel-grid-cell\" ><div id=\"panel-243-0-1-0\" class=\"so-panel widget widget_media_image panel-first-child panel-last-child\" data-index=\"1\" ><img loading=\"lazy\" decoding=\"async\" width=\"150\" height=\"150\" src=\"https:\/\/www.kobido-laure-massages.fr\/wp-content\/uploads\/2019\/02\/lampe-gros-plan-e1549316362248-150x150.png\" class=\"image wp-image-686  attachment-thumbnail size-thumbnail\" alt=\"\" style=\"max-width: 100%; height: auto;\" \/><\/div><\/div><div id=\"pgc-243-0-2\"  class=\"panel-grid-cell\" ><div id=\"panel-243-0-2-0\" class=\"so-panel widget widget_media_image panel-first-child\" data-index=\"2\" ><h3 class=\"widget-title\">A L&rsquo;or igine&#8230;Lumi\u00e8re de Conscience<\/h3><img loading=\"lazy\" decoding=\"async\" width=\"300\" height=\"200\" src=\"https:\/\/www.kobido-laure-massages.fr\/wp-content\/uploads\/2019\/02\/pub-intelo-300x200.jpg\" class=\"image wp-image-685  attachment-medium size-medium\" alt=\"\" style=\"max-width: 100%; height: auto;\" srcset=\"https:\/\/www.kobido-laure-massages.fr\/wp-content\/uploads\/2019\/02\/pub-intelo-300x200.jpg 300w, https:\/\/www.kobido-laure-massages.fr\/wp-content\/uploads\/2019\/02\/pub-intelo-768x513.jpg 768w, https:\/\/www.kobido-laure-massages.fr\/wp-content\/uploads\/2019\/02\/pub-intelo-390x260.jpg 390w, https:\/\/www.kobido-laure-massages.fr\/wp-content\/uploads\/2019\/02\/pub-intelo-520x347.jpg 520w, https:\/\/www.kobido-laure-massages.fr\/wp-content\/uploads\/2019\/02\/pub-intelo-740x494.jpg 740w, https:\/\/www.kobido-laure-massages.fr\/wp-content\/uploads\/2019\/02\/pub-intelo-272x182.jpg 272w, https:\/\/www.kobido-laure-massages.fr\/wp-content\/uploads\/2019\/02\/pub-intelo.jpg 960w\" sizes=\"auto, (max-width: 300px) 100vw, 300px\" \/><\/div><div id=\"panel-243-0-2-1\" class=\"so-panel widget widget_media_image\" data-index=\"3\" ><h3 class=\"widget-title\">.<\/h3><img loading=\"lazy\" decoding=\"async\" width=\"960\" height=\"927\" src=\"https:\/\/www.kobido-laure-massages.fr\/wp-content\/uploads\/2019\/03\/memory-x.jpg\" class=\"image wp-image-933  attachment-full size-full\" alt=\"\" style=\"max-width: 100%; height: auto;\" srcset=\"https:\/\/www.kobido-laure-massages.fr\/wp-content\/uploads\/2019\/03\/memory-x.jpg 960w, https:\/\/www.kobido-laure-massages.fr\/wp-content\/uploads\/2019\/03\/memory-x-300x290.jpg 300w, https:\/\/www.kobido-laure-massages.fr\/wp-content\/uploads\/2019\/03\/memory-x-768x742.jpg 768w, https:\/\/www.kobido-laure-massages.fr\/wp-content\/uploads\/2019\/03\/memory-x-520x502.jpg 520w, https:\/\/www.kobido-laure-massages.fr\/wp-content\/uploads\/2019\/03\/memory-x-740x715.jpg 740w\" sizes=\"auto, (max-width: 960px) 100vw, 960px\" \/><\/div><div id=\"panel-243-0-2-2\" class=\"so-panel widget widget_media_image\" data-index=\"4\" ><h3 class=\"widget-title\">.<\/h3><img loading=\"lazy\" decoding=\"async\" width=\"300\" height=\"225\" src=\"https:\/\/www.kobido-laure-massages.fr\/wp-content\/uploads\/2019\/03\/15589748_729359050546769_1813689894736628105_n-300x225.jpg\" class=\"image wp-image-927  attachment-medium size-medium\" alt=\"\" style=\"max-width: 100%; height: auto;\" srcset=\"https:\/\/www.kobido-laure-massages.fr\/wp-content\/uploads\/2019\/03\/15589748_729359050546769_1813689894736628105_n-300x225.jpg 300w, https:\/\/www.kobido-laure-massages.fr\/wp-content\/uploads\/2019\/03\/15589748_729359050546769_1813689894736628105_n-768x576.jpg 768w, https:\/\/www.kobido-laure-massages.fr\/wp-content\/uploads\/2019\/03\/15589748_729359050546769_1813689894736628105_n-520x390.jpg 520w, https:\/\/www.kobido-laure-massages.fr\/wp-content\/uploads\/2019\/03\/15589748_729359050546769_1813689894736628105_n-740x555.jpg 740w, https:\/\/www.kobido-laure-massages.fr\/wp-content\/uploads\/2019\/03\/15589748_729359050546769_1813689894736628105_n.jpg 960w\" sizes=\"auto, (max-width: 300px) 100vw, 300px\" \/><\/div><div id=\"panel-243-0-2-3\" class=\"so-panel widget widget_media_image\" data-index=\"5\" ><h3 class=\"widget-title\">.<\/h3><img loading=\"lazy\" decoding=\"async\" width=\"300\" height=\"287\" src=\"https:\/\/www.kobido-laure-massages.fr\/wp-content\/uploads\/2019\/03\/16299446_749511221864885_5899366203076172551_n-300x287.jpg\" class=\"image wp-image-931  attachment-medium size-medium\" alt=\"\" style=\"max-width: 100%; height: auto;\" srcset=\"https:\/\/www.kobido-laure-massages.fr\/wp-content\/uploads\/2019\/03\/16299446_749511221864885_5899366203076172551_n-300x287.jpg 300w, https:\/\/www.kobido-laure-massages.fr\/wp-content\/uploads\/2019\/03\/16299446_749511221864885_5899366203076172551_n-768x735.jpg 768w, https:\/\/www.kobido-laure-massages.fr\/wp-content\/uploads\/2019\/03\/16299446_749511221864885_5899366203076172551_n-520x497.jpg 520w, https:\/\/www.kobido-laure-massages.fr\/wp-content\/uploads\/2019\/03\/16299446_749511221864885_5899366203076172551_n-740x708.jpg 740w, https:\/\/www.kobido-laure-massages.fr\/wp-content\/uploads\/2019\/03\/16299446_749511221864885_5899366203076172551_n.jpg 920w\" sizes=\"auto, (max-width: 300px) 100vw, 300px\" \/><\/div><div id=\"panel-243-0-2-4\" class=\"so-panel widget widget_media_image\" data-index=\"6\" ><img loading=\"lazy\" decoding=\"async\" width=\"300\" height=\"272\" src=\"https:\/\/www.kobido-laure-massages.fr\/wp-content\/uploads\/2019\/03\/night-time-300x272.jpg\" class=\"image wp-image-930  attachment-medium size-medium\" alt=\"\" style=\"max-width: 100%; height: auto;\" srcset=\"https:\/\/www.kobido-laure-massages.fr\/wp-content\/uploads\/2019\/03\/night-time-300x272.jpg 300w, https:\/\/www.kobido-laure-massages.fr\/wp-content\/uploads\/2019\/03\/night-time-768x695.jpg 768w, https:\/\/www.kobido-laure-massages.fr\/wp-content\/uploads\/2019\/03\/night-time-520x471.jpg 520w, https:\/\/www.kobido-laure-massages.fr\/wp-content\/uploads\/2019\/03\/night-time-740x670.jpg 740w, https:\/\/www.kobido-laure-massages.fr\/wp-content\/uploads\/2019\/03\/night-time.jpg 960w\" sizes=\"auto, (max-width: 300px) 100vw, 300px\" \/><\/div><div id=\"panel-243-0-2-5\" class=\"so-panel widget widget_media_image panel-last-child\" data-index=\"7\" ><img loading=\"lazy\" decoding=\"async\" width=\"300\" height=\"285\" src=\"https:\/\/www.kobido-laure-massages.fr\/wp-content\/uploads\/2019\/03\/16473293_749510975198243_5722526906491341309_n-300x285.jpg\" class=\"image wp-image-932  attachment-medium size-medium\" alt=\"\" style=\"max-width: 100%; height: auto;\" srcset=\"https:\/\/www.kobido-laure-massages.fr\/wp-content\/uploads\/2019\/03\/16473293_749510975198243_5722526906491341309_n-300x285.jpg 300w, https:\/\/www.kobido-laure-massages.fr\/wp-content\/uploads\/2019\/03\/16473293_749510975198243_5722526906491341309_n-768x730.jpg 768w, https:\/\/www.kobido-laure-massages.fr\/wp-content\/uploads\/2019\/03\/16473293_749510975198243_5722526906491341309_n-520x494.jpg 520w, https:\/\/www.kobido-laure-massages.fr\/wp-content\/uploads\/2019\/03\/16473293_749510975198243_5722526906491341309_n-740x703.jpg 740w, https:\/\/www.kobido-laure-massages.fr\/wp-content\/uploads\/2019\/03\/16473293_749510975198243_5722526906491341309_n.jpg 960w\" sizes=\"auto, (max-width: 300px) 100vw, 300px\" \/><\/div><\/div><\/div><\/div>","protected":false},"excerpt":{"rendered":"<p>S\u00e9ance de GROUPE:\u00a0\u00a01 heure\u00a0 50\u20ac\/personne\u00a0(de\u00a02 \u00e0 5 personnes) possible pour des \u00e9v\u00e9nements, \u00e0 domicile&#8230; pour tout renseignement contacter Laure au\u00a006 63 01 29 94 &nbsp; S\u00e9ances INDIVIDUELLES :\u00a0 &nbsp; 50\u20ac\u00a0 la s\u00e9ance de 30\/40 mn<a class=\"read-more\" href=\"https:\/\/www.kobido-laure-massages.fr\/index.php\/pandorastar\/\">Continue reading<\/a><\/p>\n","protected":false},"author":1,"featured_media":0,"parent":0,"menu_order":0,"comment_status":"closed","ping_status":"closed","template":"","meta":{"footnotes":""},"class_list":["post-243","page","type-page","status-publish","hentry"],"aioseo_notices":[],"_links":{"self":[{"href":"https:\/\/www.kobido-laure-massages.fr\/index.php\/wp-json\/wp\/v2\/pages\/243","targetHints":{"allow":["GET"]}}],"collection":[{"href":"https:\/\/www.kobido-laure-massages.fr\/index.php\/wp-json\/wp\/v2\/pages"}],"about":[{"href":"https:\/\/www.kobido-laure-massages.fr\/index.php\/wp-json\/wp\/v2\/types\/page"}],"author":[{"embeddable":true,"href":"https:\/\/www.kobido-laure-massages.fr\/index.php\/wp-json\/wp\/v2\/users\/1"}],"replies":[{"embeddable":true,"href":"https:\/\/www.kobido-laure-massages.fr\/index.php\/wp-json\/wp\/v2\/comments?post=243"}],"version-history":[{"count":45,"href":"https:\/\/www.kobido-laure-massages.fr\/index.php\/wp-json\/wp\/v2\/pages\/243\/revisions"}],"predecessor-version":[{"id":1375,"href":"https:\/\/www.kobido-laure-massages.fr\/index.php\/wp-json\/wp\/v2\/pages\/243\/revisions\/1375"}],"wp:attachment":[{"href":"https:\/\/www.kobido-laure-massages.fr\/index.php\/wp-json\/wp\/v2\/media?parent=243"}],"curies":[{"name":"wp","href":"https:\/\/api.w.org\/{rel}","templated":true}]}}