{"id":266,"date":"2018-12-30T00:01:10","date_gmt":"2018-12-29T23:01:10","guid":{"rendered":"http:\/\/www.kobido-laure-massages.fr\/?page_id=266"},"modified":"2020-07-09T14:47:39","modified_gmt":"2020-07-09T12:47:39","slug":"bilan-energetique-lva","status":"publish","type":"page","link":"https:\/\/www.kobido-laure-massages.fr\/index.php\/bilan-energetique-lva\/","title":{"rendered":"BILAN ENERGETIQUE LVA"},"content":{"rendered":"<div id=\"pl-266\"  class=\"panel-layout\" ><div id=\"pg-266-0\"  class=\"panel-grid panel-no-style\" ><div id=\"pgc-266-0-0\"  class=\"panel-grid-cell\" ><div id=\"panel-266-0-0-0\" class=\"so-panel widget widget_sow-editor panel-first-child panel-last-child\" data-index=\"0\" ><div\n\t\t\t\n\t\t\tclass=\"so-widget-sow-editor so-widget-sow-editor-base\"\n\t\t\t\n\t\t><h3 class=\"widget-title\">Life Vibration Analyser<\/h3>\n<div class=\"siteorigin-widget-tinymce textwidget\">\n\t<p><strong>Mis au point par St\u00e9phane CARDINAUX et son groupe de recherche<\/strong><\/p>\n<p><strong>\"Le LVA est un syst\u00e8me innovant, unique en son genre, pour quantifier et surtout qualifier tout ce qui contient de l'information.\u00a0 Il s'appuie sur les principes de la psychophysique, de la biophysique et de la physique quantique.<\/strong><\/p>\n<p><strong>Le LVA est le premier syst\u00e8me au monde pouvant valider ce que vous ressentez ou ce que per\u00e7oit une autre personne \u00e0 votre contact.<\/strong><\/p>\n<p>En moins de 10 secondes, il vous donne un aper\u00e7u tr\u00e8s complet de votre \u00e9tat \u00e9nerg\u00e9tique et psychologique.<\/p>\n<p><strong>Sa force est de d\u00e9coder et de repr\u00e9senter, sous forme de chiffres, de textes ou de graphiques, une multitude d'informations telles que ce que vous vivez pr\u00e9sentement et risquez de continuer \u00e0 vivre dans le futur,\u00a0l'\u00e9nergie au travers de vos chakras , vos m\u00e9ridiens, vos m\u00e9moires karmiques, ce qui s'est pass\u00e9 lors de votre naissance ou durant votre enfance.<br \/>\n<\/strong><\/p>\n<p><strong>Le but du LVA est la compr\u00e9hension de vous-m\u00eame et de tout ce qui vous entoure. Vous pourrez vous d\u00e9couvrir chaque jour un peu plus pour cheminer en pleine conscience.\u00a0<\/strong><\/p>\n<p><strong>Coupl\u00e9 \u00e0 la Feeling Box, le LVA vous permet de cr\u00e9er des fichiers personnalis\u00e9s pour une harmonisation vibratoire de vos chakras, de vos organes, de vos m\u00e9ridiens ou de travailler sur une probl\u00e9matique personnelle. \"<\/strong><\/p>\n<p>article du cr\u00e9ateur \"<span style=\"color: #333333;\">St\u00e9phane CARDINAUX<\/span>\"<\/p>\n<p>pour plus de d\u00e9tails sur le LVA vous pouvez consulter le site de St\u00e9phane Cardinaux <strong><span style=\"color: #333333;\">: <a style=\"color: #333333;\" href=\"http:\/\/www.geniedulieu.ch\/lva\" target=\"_blank\" rel=\"noopener\">\" G\u00e9nie du Lieu\"<\/a><\/span><\/strong><\/p>\n<p>ou le site d\u00e9di\u00e9 au LVA :<strong><span style=\"color: #333333;\"><a class=\"\" style=\"color: #333333;\" href=\"https:\/\/lifevibrationanalyser.com\/\" target=\"_blank\" rel=\"noopener noreferrer\" data-auth=\"NotApplicable\">www.lifevibrationanalyser.com<\/a><\/span><\/strong><\/p>\n<p>&nbsp;<\/p>\n<\/div>\n<\/div><\/div><\/div><div id=\"pgc-266-0-1\"  class=\"panel-grid-cell\" ><div id=\"panel-266-0-1-0\" class=\"so-panel widget widget_media_image panel-first-child panel-last-child\" data-index=\"1\" ><h3 class=\"widget-title\">.<\/h3><img loading=\"lazy\" decoding=\"async\" width=\"696\" height=\"328\" src=\"https:\/\/www.kobido-laure-massages.fr\/wp-content\/uploads\/2019\/02\/lva-2.png\" class=\"image wp-image-820  attachment-full size-full\" alt=\"\" style=\"max-width: 100%; height: auto;\" srcset=\"https:\/\/www.kobido-laure-massages.fr\/wp-content\/uploads\/2019\/02\/lva-2.png 696w, https:\/\/www.kobido-laure-massages.fr\/wp-content\/uploads\/2019\/02\/lva-2-300x141.png 300w, https:\/\/www.kobido-laure-massages.fr\/wp-content\/uploads\/2019\/02\/lva-2-520x245.png 520w\" sizes=\"auto, (max-width: 696px) 100vw, 696px\" \/><\/div><\/div><\/div><div id=\"pg-266-1\"  class=\"panel-grid panel-no-style\" ><div id=\"pgc-266-1-0\"  class=\"panel-grid-cell\" ><div id=\"panel-266-1-0-0\" class=\"so-panel widget widget_sow-editor panel-first-child panel-last-child\" data-index=\"2\" ><div\n\t\t\t\n\t\t\tclass=\"so-widget-sow-editor so-widget-sow-editor-base\"\n\t\t\t\n\t\t><h3 class=\"widget-title\">Comment ???<\/h3>\n<div class=\"siteorigin-widget-tinymce textwidget\">\n\t<p>\"Le LVA (hardware) comprend un petit\u00a0<strong>oscilloscope<\/strong>\u00a0pilot\u00e9 depuis un PC, coupl\u00e9 \u00e0 un\u00a0<strong>g\u00e9n\u00e9rateur de fr\u00e9quence<\/strong>. Le fonctionnement repose sur l\u2019\u00e9mission simultan\u00e9e de 3 fr\u00e9quences sp\u00e9cifiques dont la fondamentale est bas\u00e9e sur la fr\u00e9quence de r\u00e9sonance de l\u2019eau. Par diff\u00e9rence entre le signal sortant et le signal rentrant, le programme d\u00e9duit les fr\u00e9quences de l\u2019objet ou de la personne mesur\u00e9e, puis deux algorithmes calculent et pr\u00e9sentent une synth\u00e8se visuelle.\"<\/p>\n<p><strong><span style=\"color: #333333;\">Laurent Gachoud<\/span><\/strong>- g\u00e9obiologue, bio\u00e9nerg\u00e9ticien<\/p>\n<\/div>\n<\/div><\/div><\/div><div id=\"pgc-266-1-1\"  class=\"panel-grid-cell panel-grid-cell-empty\" ><\/div><div id=\"pgc-266-1-2\"  class=\"panel-grid-cell\" ><div id=\"panel-266-1-2-0\" class=\"so-panel widget widget_media_image panel-first-child panel-last-child\" data-index=\"3\" ><img loading=\"lazy\" decoding=\"async\" width=\"300\" height=\"200\" src=\"https:\/\/www.kobido-laure-massages.fr\/wp-content\/uploads\/2019\/03\/DSC01168-300x200.jpg\" class=\"image wp-image-901  attachment-medium size-medium\" alt=\"\" style=\"max-width: 100%; height: auto;\" srcset=\"https:\/\/www.kobido-laure-massages.fr\/wp-content\/uploads\/2019\/03\/DSC01168-300x200.jpg 300w, https:\/\/www.kobido-laure-massages.fr\/wp-content\/uploads\/2019\/03\/DSC01168-768x512.jpg 768w, https:\/\/www.kobido-laure-massages.fr\/wp-content\/uploads\/2019\/03\/DSC01168-1024x683.jpg 1024w, https:\/\/www.kobido-laure-massages.fr\/wp-content\/uploads\/2019\/03\/DSC01168-390x260.jpg 390w, https:\/\/www.kobido-laure-massages.fr\/wp-content\/uploads\/2019\/03\/DSC01168-520x347.jpg 520w, https:\/\/www.kobido-laure-massages.fr\/wp-content\/uploads\/2019\/03\/DSC01168-740x493.jpg 740w, https:\/\/www.kobido-laure-massages.fr\/wp-content\/uploads\/2019\/03\/DSC01168-272x182.jpg 272w, https:\/\/www.kobido-laure-massages.fr\/wp-content\/uploads\/2019\/03\/DSC01168-e1552516344838.jpg 900w\" sizes=\"auto, (max-width: 300px) 100vw, 300px\" \/><\/div><\/div><\/div><div id=\"pg-266-2\"  class=\"panel-grid panel-no-style\" ><div id=\"pgc-266-2-0\"  class=\"panel-grid-cell\" ><div id=\"panel-266-2-0-0\" class=\"so-panel widget widget_sow-editor panel-first-child\" data-index=\"4\" ><div\n\t\t\t\n\t\t\tclass=\"so-widget-sow-editor so-widget-sow-editor-base\"\n\t\t\t\n\t\t><h3 class=\"widget-title\">SEANCE BILAN LVA<\/h3>\n<div class=\"siteorigin-widget-tinymce textwidget\">\n\t<p>mesure et analyse de vos informations vibratoires en fonction de votre demande<\/p>\n<p>possibilit\u00e9 de prendre des notes<\/p>\n<p>&nbsp;<\/p>\n<\/div>\n<\/div><\/div><div id=\"panel-266-2-0-1\" class=\"so-panel widget widget_sow-editor\" data-index=\"5\" ><div\n\t\t\t\n\t\t\tclass=\"so-widget-sow-editor so-widget-sow-editor-base\"\n\t\t\t\n\t\t><h3 class=\"widget-title\">SEANCE BILAN LVA et SOIN FR\u00c9QUENCES CORRECTRICES<\/h3>\n<div class=\"siteorigin-widget-tinymce textwidget\">\n\t<p>mesure et analyse de vos informations vibratoires avec cr\u00e9ation et diffusion d'un fichier\u00a0 de correction personnalis\u00e9 :<\/p>\n<p>un des avantages du LVA est sa capacit\u00e9 \u00e0 d\u00e9terminer et g\u00e9n\u00e9rer des fr\u00e9quences correctrices en fonction des probl\u00e9matiques d\u00e9tect\u00e9es, en vue d'aider le corps \u00e0 corriger les d\u00e9s\u00e9quilibres vibratoires en s'harmonisant avec les fr\u00e9quences correctrices.<\/p>\n<\/div>\n<\/div><\/div><div id=\"panel-266-2-0-2\" class=\"so-panel widget widget_sow-editor panel-last-child\" data-index=\"6\" ><div\n\t\t\t\n\t\t\tclass=\"so-widget-sow-editor so-widget-sow-editor-base\"\n\t\t\t\n\t\t><h3 class=\"widget-title\">SEANCE COMBINEE BILAN LVA et SOIN FR\u00c9QUENCES CORRECTRICES avec MASSAGE<\/h3>\n<div class=\"siteorigin-widget-tinymce textwidget\">\n\t<p>mesure et analyse de vos informations vibratoires, avec cr\u00e9ation d'un fichier\u00a0 de fr\u00e9quences correctrices personnalis\u00e9 diffus\u00e9 durant un massage adapt\u00e9 \u00e0 vos besoins<\/p>\n<\/div>\n<\/div><\/div><\/div><div id=\"pgc-266-2-1\"  class=\"panel-grid-cell panel-grid-cell-empty\" ><\/div><div id=\"pgc-266-2-2\"  class=\"panel-grid-cell\" ><div id=\"panel-266-2-2-0\" class=\"so-panel widget widget_sow-editor panel-first-child\" data-index=\"7\" ><div\n\t\t\t\n\t\t\tclass=\"so-widget-sow-editor so-widget-sow-editor-base\"\n\t\t\t\n\t\t><h3 class=\"widget-title\">Dur\u00e9e de la s\u00e9ance : 60 mn , plus si besoin<\/h3>\n<div class=\"siteorigin-widget-tinymce textwidget\">\n\t<blockquote>\n<p><span style=\"color: #333333;\">60\u20ac la s\u00e9ance<span style=\"color: #800000;\"> bilan LVA seul<\/span><\/span><\/p>\n<\/blockquote>\n<\/div>\n<\/div><\/div><div id=\"panel-266-2-2-1\" class=\"so-panel widget widget_sow-editor\" data-index=\"8\" ><div\n\t\t\t\n\t\t\tclass=\"so-widget-sow-editor so-widget-sow-editor-base\"\n\t\t\t\n\t\t><h3 class=\"widget-title\">Dur\u00e9e de la s\u00e9ance : 60 mn , plus si besoin<\/h3>\n<div class=\"siteorigin-widget-tinymce textwidget\">\n\t<blockquote>\n<p><span style=\"color: #333333;\">80\u20ac la s\u00e9ance<span style=\"color: #800000;\"> bilan LVA\u00a0 avec cr\u00e9ation et diffusion d'un fichier personnalis\u00e9 de fr\u00e9quences correctrices<\/span><\/span><\/p>\n<p>&nbsp;<\/p>\n<p>&nbsp;<\/p>\n<\/blockquote>\n<\/div>\n<\/div><\/div><div id=\"panel-266-2-2-2\" class=\"so-panel widget widget_sow-editor panel-last-child\" data-index=\"9\" ><div\n\t\t\t\n\t\t\tclass=\"so-widget-sow-editor so-widget-sow-editor-base\"\n\t\t\t\n\t\t><h3 class=\"widget-title\">Dur\u00e9e de la s\u00e9ance : environ 2h30 , plus si besoin<\/h3>\n<div class=\"siteorigin-widget-tinymce textwidget\">\n\t<blockquote>\n<p><span style=\"color: #333333;\">130\u20ac la s\u00e9ance<span style=\"color: #800000;\"> bilan LVA+\u00a0 fr\u00e9quences correctrices diffus\u00e9es pendant un massage* de 60 mn<\/span><\/span><\/p>\n<p>*au choix: massage du corps selon vos besoins ou r\u00e9flexologie plantaire<\/p>\n<p>OPTION KOBIDO 60mn +20\u20ac<\/p>\n<p>&nbsp;<\/p>\n<p>&nbsp;<\/p>\n<p>&nbsp;<\/p>\n<\/blockquote>\n<\/div>\n<\/div><\/div><\/div><\/div><\/div>","protected":false},"excerpt":{"rendered":"<p>Mis au point par St\u00e9phane CARDINAUX et son groupe de recherche \u00ab\u00a0Le LVA est un syst\u00e8me innovant, unique en son genre, pour quantifier et surtout qualifier tout ce qui contient de l&rsquo;information.\u00a0 Il s&rsquo;appuie sur<a class=\"read-more\" href=\"https:\/\/www.kobido-laure-massages.fr\/index.php\/bilan-energetique-lva\/\">Continue reading<\/a><\/p>\n","protected":false},"author":1,"featured_media":821,"parent":0,"menu_order":0,"comment_status":"closed","ping_status":"closed","template":"","meta":{"footnotes":""},"class_list":["post-266","page","type-page","status-publish","has-post-thumbnail","hentry"],"aioseo_notices":[],"_links":{"self":[{"href":"https:\/\/www.kobido-laure-massages.fr\/index.php\/wp-json\/wp\/v2\/pages\/266","targetHints":{"allow":["GET"]}}],"collection":[{"href":"https:\/\/www.kobido-laure-massages.fr\/index.php\/wp-json\/wp\/v2\/pages"}],"about":[{"href":"https:\/\/www.kobido-laure-massages.fr\/index.php\/wp-json\/wp\/v2\/types\/page"}],"author":[{"embeddable":true,"href":"https:\/\/www.kobido-laure-massages.fr\/index.php\/wp-json\/wp\/v2\/users\/1"}],"replies":[{"embeddable":true,"href":"https:\/\/www.kobido-laure-massages.fr\/index.php\/wp-json\/wp\/v2\/comments?post=266"}],"version-history":[{"count":24,"href":"https:\/\/www.kobido-laure-massages.fr\/index.php\/wp-json\/wp\/v2\/pages\/266\/revisions"}],"predecessor-version":[{"id":1363,"href":"https:\/\/www.kobido-laure-massages.fr\/index.php\/wp-json\/wp\/v2\/pages\/266\/revisions\/1363"}],"wp:featuredmedia":[{"embeddable":true,"href":"https:\/\/www.kobido-laure-massages.fr\/index.php\/wp-json\/wp\/v2\/media\/821"}],"wp:attachment":[{"href":"https:\/\/www.kobido-laure-massages.fr\/index.php\/wp-json\/wp\/v2\/media?parent=266"}],"curies":[{"name":"wp","href":"https:\/\/api.w.org\/{rel}","templated":true}]}}