{"id":449,"date":"2019-01-21T00:04:57","date_gmt":"2019-01-20T23:04:57","guid":{"rendered":"http:\/\/www.kobido-laure-massages.fr\/?page_id=449"},"modified":"2020-07-09T14:50:46","modified_gmt":"2020-07-09T12:50:46","slug":"massages-des-pieds","status":"publish","type":"page","link":"https:\/\/www.kobido-laure-massages.fr\/index.php\/massages-des-pieds\/","title":{"rendered":"MASSAGES DES PIEDS"},"content":{"rendered":"<div id=\"pl-449\"  class=\"panel-layout\" ><div id=\"pg-449-0\"  class=\"panel-grid panel-no-style\" ><div id=\"pgc-449-0-0\"  class=\"panel-grid-cell panel-grid-cell-empty\" ><\/div><\/div><div id=\"pg-449-1\"  class=\"panel-grid panel-no-style\" ><div id=\"pgc-449-1-0\"  class=\"panel-grid-cell\" ><div id=\"panel-449-1-0-0\" class=\"so-panel widget widget_media_image panel-first-child panel-last-child\" data-index=\"0\" ><h3 class=\"widget-title\">R\u00e9flexologie plantaire<\/h3><a href=\"http:\/\/www.kobido-laure-massages.fr\/index.php\/reflexologie-plantaire\/\"><img loading=\"lazy\" decoding=\"async\" width=\"259\" height=\"194\" src=\"https:\/\/www.kobido-laure-massages.fr\/wp-content\/uploads\/2019\/01\/images-3.jpg\" class=\"image wp-image-456  attachment-full size-full\" alt=\"\" style=\"max-width: 100%; height: auto;\" \/><\/a><\/div><\/div><div id=\"pgc-449-1-1\"  class=\"panel-grid-cell\" ><div id=\"panel-449-1-1-0\" class=\"so-panel widget widget_media_image panel-first-child panel-last-child\" data-index=\"1\" ><h3 class=\"widget-title\">NUAD THAO r\u00e9flexologie plantaire Tha\u00efe<\/h3><a href=\"http:\/\/www.kobido-laure-massages.fr\/index.php\/nuad-thao-reflexologie-plantaire-thaie\/\"><img loading=\"lazy\" decoding=\"async\" width=\"1000\" height=\"564\" src=\"https:\/\/www.kobido-laure-massages.fr\/wp-content\/uploads\/2019\/02\/DSC01027-e1549667510573.jpg\" class=\"image wp-image-728  attachment-full size-full\" alt=\"\" style=\"max-width: 100%; height: auto;\" \/><\/a><\/div><\/div><div id=\"pgc-449-1-2\"  class=\"panel-grid-cell\" ><div id=\"panel-449-1-2-0\" class=\"so-panel widget widget_media_image panel-first-child panel-last-child\" data-index=\"2\" ><h3 class=\"widget-title\">KANSU AYURVEDIQUE au ghee<\/h3><a href=\"http:\/\/www.kobido-laure-massages.fr\/index.php\/massage-des-pieds-au-bol-kansu\/\"><img loading=\"lazy\" decoding=\"async\" width=\"259\" height=\"194\" src=\"https:\/\/www.kobido-laure-massages.fr\/wp-content\/uploads\/2019\/01\/images-30.jpg\" class=\"image wp-image-452  attachment-full size-full\" alt=\"bol kansu massage ayurvedique des pieds\" style=\"max-width: 100%; height: auto;\" \/><\/a><\/div><\/div><\/div><\/div>","protected":false},"excerpt":{"rendered":"<p>R\u00e9flexologie plantaireNUAD THAO r\u00e9flexologie plantaire Tha\u00efeKANSU AYURVEDIQUE au ghee<\/p>\n","protected":false},"author":1,"featured_media":0,"parent":0,"menu_order":0,"comment_status":"closed","ping_status":"closed","template":"","meta":{"footnotes":""},"class_list":["post-449","page","type-page","status-publish","hentry"],"aioseo_notices":[],"_links":{"self":[{"href":"https:\/\/www.kobido-laure-massages.fr\/index.php\/wp-json\/wp\/v2\/pages\/449","targetHints":{"allow":["GET"]}}],"collection":[{"href":"https:\/\/www.kobido-laure-massages.fr\/index.php\/wp-json\/wp\/v2\/pages"}],"about":[{"href":"https:\/\/www.kobido-laure-massages.fr\/index.php\/wp-json\/wp\/v2\/types\/page"}],"author":[{"embeddable":true,"href":"https:\/\/www.kobido-laure-massages.fr\/index.php\/wp-json\/wp\/v2\/users\/1"}],"replies":[{"embeddable":true,"href":"https:\/\/www.kobido-laure-massages.fr\/index.php\/wp-json\/wp\/v2\/comments?post=449"}],"version-history":[{"count":31,"href":"https:\/\/www.kobido-laure-massages.fr\/index.php\/wp-json\/wp\/v2\/pages\/449\/revisions"}],"predecessor-version":[{"id":462,"href":"https:\/\/www.kobido-laure-massages.fr\/index.php\/wp-json\/wp\/v2\/pages\/449\/revisions\/462"}],"wp:attachment":[{"href":"https:\/\/www.kobido-laure-massages.fr\/index.php\/wp-json\/wp\/v2\/media?parent=449"}],"curies":[{"name":"wp","href":"https:\/\/api.w.org\/{rel}","templated":true}]}}