{"id":485,"date":"2019-01-21T01:11:36","date_gmt":"2019-01-21T00:11:36","guid":{"rendered":"http:\/\/www.kobido-laure-massages.fr\/?page_id=485"},"modified":"2023-12-19T23:35:41","modified_gmt":"2023-12-19T22:35:41","slug":"nuad-thao-reflexologie-plantaire-thaie","status":"publish","type":"page","link":"https:\/\/www.kobido-laure-massages.fr\/index.php\/nuad-thao-reflexologie-plantaire-thaie\/","title":{"rendered":"NUAD THAO r\u00e9flexologie plantaire Tha\u00efe"},"content":{"rendered":"<div id=\"pl-485\"  class=\"panel-layout\" ><div id=\"pg-485-0\"  class=\"panel-grid panel-no-style\" ><div id=\"pgc-485-0-0\"  class=\"panel-grid-cell panel-grid-cell-empty\" ><\/div><\/div><div id=\"pg-485-1\"  class=\"panel-grid panel-no-style\" ><div id=\"pgc-485-1-0\"  class=\"panel-grid-cell\" ><div id=\"panel-485-1-0-0\" class=\"so-panel widget widget_sow-editor panel-first-child panel-last-child\" data-index=\"0\" ><div\n\t\t\t\n\t\t\tclass=\"so-widget-sow-editor so-widget-sow-editor-base\"\n\t\t\t\n\t\t>\n<div class=\"siteorigin-widget-tinymce textwidget\">\n\t<p>Parfois appel\u00e9 Foot Massage, Nuad\u00a0 Thao est une pratique qui combine avec efficacit\u00e9 et originalit\u00e9 massage des pieds et r\u00e9flexologie selon la m\u00e9thode traditionnelle Tha\u00efe.<\/p>\n<p>On y retrouve les mouvements typiques de massage tha\u00ef: lissages, pressions, p\u00e9trissages, mobilisations articulaires et percussions, effectu\u00e9s sue les pieds et les jambes, jusqu'aux genoux.<\/p>\n<p>La stimulation des zones r\u00e9flexes du pied s'effectue \u00e0 l'aide d'un stylet en bois qui permet d'effectuer des pressions sur des points pr\u00e9cis, visant un \u00e9quilibrage \u00e9nerg\u00e9tique des fonctions du corps.<\/p>\n<p>Le massage se termine par des mouvements de toucher drainant, d\u00e9contractions musculaires et \u00e9tirements de la jambe qui favorisent la circulation sanguine, et aident le corps \u00e0 se d\u00e9barrasser de ses tensions inutiles.<\/p>\n<p>&nbsp;<\/p>\n<\/div>\n<\/div><\/div><\/div><div id=\"pgc-485-1-1\"  class=\"panel-grid-cell\" ><div id=\"panel-485-1-1-0\" class=\"so-panel widget widget_media_image panel-first-child panel-last-child\" data-index=\"1\" ><img loading=\"lazy\" decoding=\"async\" width=\"248\" height=\"203\" src=\"https:\/\/www.kobido-laure-massages.fr\/wp-content\/uploads\/2019\/01\/images-22.jpg\" class=\"image wp-image-455  attachment-full size-full\" alt=\"\" style=\"max-width: 100%; height: auto;\" \/><\/div><\/div><div id=\"pgc-485-1-2\"  class=\"panel-grid-cell\" ><div id=\"panel-485-1-2-0\" class=\"so-panel widget widget_sow-editor panel-first-child panel-last-child\" data-index=\"2\" ><div\n\t\t\t\n\t\t\tclass=\"so-widget-sow-editor so-widget-sow-editor-base\"\n\t\t\t\n\t\t><h3 class=\"widget-title\">Dur\u00e9e du massage: 60 mn<\/h3>\n<div class=\"siteorigin-widget-tinymce textwidget\">\n\t<p>massage sur table ou fauteuil avec et sans huile v\u00e9g\u00e9tale bio<\/p>\n<blockquote>\n<p><span style=\"color: #333333;\">75 \u20ac la s\u00e9ance<\/span><\/p>\n<\/blockquote>\n<\/div>\n<\/div><\/div><\/div><\/div><\/div>","protected":false},"excerpt":{"rendered":"<p>Parfois appel\u00e9 Foot Massage, Nuad\u00a0 Thao est une pratique qui combine avec efficacit\u00e9 et originalit\u00e9 massage des pieds et r\u00e9flexologie selon la m\u00e9thode traditionnelle Tha\u00efe. On y retrouve les mouvements typiques de massage tha\u00ef: lissages,<a class=\"read-more\" href=\"https:\/\/www.kobido-laure-massages.fr\/index.php\/nuad-thao-reflexologie-plantaire-thaie\/\">Continue reading<\/a><\/p>\n","protected":false},"author":1,"featured_media":0,"parent":0,"menu_order":0,"comment_status":"closed","ping_status":"closed","template":"","meta":{"footnotes":""},"class_list":["post-485","page","type-page","status-publish","hentry"],"aioseo_notices":[],"_links":{"self":[{"href":"https:\/\/www.kobido-laure-massages.fr\/index.php\/wp-json\/wp\/v2\/pages\/485","targetHints":{"allow":["GET"]}}],"collection":[{"href":"https:\/\/www.kobido-laure-massages.fr\/index.php\/wp-json\/wp\/v2\/pages"}],"about":[{"href":"https:\/\/www.kobido-laure-massages.fr\/index.php\/wp-json\/wp\/v2\/types\/page"}],"author":[{"embeddable":true,"href":"https:\/\/www.kobido-laure-massages.fr\/index.php\/wp-json\/wp\/v2\/users\/1"}],"replies":[{"embeddable":true,"href":"https:\/\/www.kobido-laure-massages.fr\/index.php\/wp-json\/wp\/v2\/comments?post=485"}],"version-history":[{"count":10,"href":"https:\/\/www.kobido-laure-massages.fr\/index.php\/wp-json\/wp\/v2\/pages\/485\/revisions"}],"predecessor-version":[{"id":1448,"href":"https:\/\/www.kobido-laure-massages.fr\/index.php\/wp-json\/wp\/v2\/pages\/485\/revisions\/1448"}],"wp:attachment":[{"href":"https:\/\/www.kobido-laure-massages.fr\/index.php\/wp-json\/wp\/v2\/media?parent=485"}],"curies":[{"name":"wp","href":"https:\/\/api.w.org\/{rel}","templated":true}]}}